{"id":3913,"date":"2025-03-19T17:18:13","date_gmt":"2025-03-19T17:18:13","guid":{"rendered":"https:\/\/lasencinasproperties.com\/kontakt\/"},"modified":"2025-05-08T09:25:42","modified_gmt":"2025-05-08T09:25:42","slug":"kontakt","status":"publish","type":"page","link":"https:\/\/lasencinasproperties.com\/sv\/kontakt\/","title":{"rendered":"Kontakt"},"content":{"rendered":"<section class=\"l-section wpb_row height_medium\"><div class=\"l-section-h i-cf\"><div class=\"g-cols vc_row via_grid cols_1 laptops-cols_inherit tablets-cols_inherit mobiles-cols_1 valign_top type_default stacking_default\"><div class=\"wpb_column vc_column_container\"><div class=\"vc_column-inner\"><h1 class=\"w-post-elm post_title us_custom_f4aeb7a8 entry-title color_link_inherit\">Kontakt<\/h1><div class=\"g-cols wpb_row via_grid cols_2 laptops-cols_inherit tablets-cols_inherit mobiles-cols_1 valign_top type_default stacking_default\" style=\"--columns-gap:3rem;\"><div class=\"wpb_column vc_column_container\"><div class=\"vc_column-inner\"><div class=\"w-image has_ratio align_none\"><div class=\"w-image-h\"><div style=\"padding-bottom:56.25%\"><\/div><img decoding=\"async\" width=\"1200\" height=\"800\" src=\"https:\/\/lasencinasproperties.com\/wp-content\/uploads\/2025\/04\/Contacto-Las-Encinas-Properties.avif\" class=\"attachment-full size-full\" alt=\"\" loading=\"lazy\" \/><\/div><\/div><div class=\"w-separator size_small\"><\/div><div class=\"wpb_text_column\"><div class=\"wpb_wrapper\"><p>P\u00e5 <strong>Las Encinas Properties<\/strong> \u00e4r vi h\u00e4r f\u00f6r att hj\u00e4lpa dig att hitta den perfekta fastigheten i och runt <strong>La Moraleja och Zona Norte de Madrid.<\/strong> Oavsett om du vill k\u00f6pa, s\u00e4lja eller hyra, kommer v\u00e5rt team av experter att f\u00f6lja dig varje steg p\u00e5 v\u00e4gen med en exklusiv och personlig service. <\/p>\n<p><strong>Har du n\u00e5gra fr\u00e5gor?<\/strong>  Fyll i formul\u00e4ret eller kontakta oss direkt. Vi hj\u00e4lper dig g\u00e4rna med r\u00e5d.<\/p>\n<\/div><\/div><div class=\"w-contacts\"><div class=\"w-contacts-list\"><div class=\"w-contacts-item for_address\"><span class=\"w-contacts-item-value\">Plaza de la Fuente La Moraleja, C. de la Estafeta, 2, Portal 3, 28109 Madrid<\/span><\/div><div class=\"w-contacts-item for_phone\"><span class=\"w-contacts-item-value\">+34 686 52 77 40<\/span><\/div><div class=\"w-contacts-item for_email\"><span class=\"w-contacts-item-value\"><a href=\"mailto:info@lasencinasproperties.com\">info@lasencinasproperties.com<\/a><\/span><\/div><\/div><\/div><\/div><\/div><div class=\"wpb_column vc_column_container\"><div class=\"vc_column-inner\"><div class=\"wpb_text_column us_custom_976bbb06 has_text_color\"><div class=\"wpb_wrapper\"><p>Kan vi hj\u00e4lpa dig att s\u00e4lja eller hyra ut din bostad?<br \/>Kontakt med oss<\/p>\n<\/div><\/div><form class=\"w-form  us-field-style_1 layout_ver for_cform us_form_1\" autocomplete=\"off\" action=\"https:\/\/lasencinasproperties.com\/sv\/wp-json\/wp\/v2\/pages\/3913\" method=\"post\"><div class=\"w-form-h\"><div class=\"w-form-row for_text required\">\r\n\t\t<div class=\"w-form-row-field\">\r\n\t\t\t\t\t\t<input aria-label=\"Namn\" type=\"text\" name=\"us_form_1_text_1\" value placeholder=\"Namn *\" data-required=\"true\" aria-required=\"true\"\/>\r\n\t\t\t<\/div>\r\n\t\t<div class=\"w-form-row-state\">Fill out this field<\/div>\r\n<\/div>\r\n<div class=\"w-form-row for_email required\">\r\n\t\t<div class=\"w-form-row-field\">\r\n\t\t\t\t\t\t<input aria-label=\"E-postadress\" type=\"email\" name=\"us_form_1_email_1\" value placeholder=\"E-postadress *\" data-required=\"true\" aria-required=\"true\"\/>\r\n\t\t\t<\/div>\r\n\t\t<div class=\"w-form-row-state\">Ange en giltig e-postadress.<\/div>\r\n<\/div>\r\n<div class=\"w-form-row for_text required\">\r\n\t\t<div class=\"w-form-row-field\">\r\n\t\t\t\t\t\t<input aria-label=\"Telefon\" inputmode=\"tel\" type=\"text\" name=\"us_form_1_text_2\" value placeholder=\"Telefon *\" data-required=\"true\" aria-required=\"true\"\/>\r\n\t\t\t<\/div>\r\n\t\t<div class=\"w-form-row-state\">Fill out this field<\/div>\r\n<\/div>\r\n<div class=\"w-form-row for_textarea\">\r\n\t\t<div class=\"w-form-row-field\">\r\n\t\t\t\t\t\t<textarea aria-label=\"Text\" name=\"us_form_1_textarea_1\" placeholder=\"Text\"><\/textarea>\r\n\t\t\t<\/div>\r\n\t\t<div class=\"w-form-row-state\">Fill out this field<\/div>\r\n<\/div>\r\n<input type=\"hidden\" name=\"action\" value=\"us_ajax_cform\" \/>\r\n<input type=\"hidden\" name=\"post_id\" value=\"0\" \/>\r\n<input type=\"hidden\" name=\"form_index\" value=\"1\" \/>\r\n<div class=\"w-form-row for_submit align_none\">\r\n\t<button class=\"w-btn  us-btn-style_1\" aria-label=\"Skicka\" type=\"submit\">\r\n\t\t<span class=\"g-preloader type_1\"><\/span>\r\n\t\t\t\t<span class=\"w-btn-label\">Skicka<\/span>\r\n\t\t\t<\/button>\r\n\t<\/div>\r\n<\/div><div class=\"w-form-message\"><\/div><div class=\"w-form-json hidden\" onclick='return {&quot;ajaxurl&quot;:&quot;https:\\\/\\\/lasencinasproperties.com\\\/wp-admin\\\/admin-ajax.php&quot;,&quot;messages&quot;:{&quot;err_empty&quot;:&quot;Fill out this field&quot;,&quot;err_size&quot;:&quot;File size cannot exceed %s MB&quot;,&quot;err_extension&quot;:&quot;%s file type is not allowed&quot;}}'><\/div><\/form><\/div><\/div><\/div><\/div><\/div><\/div><\/div><\/section>\n","protected":false},"excerpt":{"rendered":"","protected":false},"author":1,"featured_media":0,"parent":0,"menu_order":0,"comment_status":"closed","ping_status":"closed","template":"","meta":{"_acf_changed":false,"footnotes":""},"class_list":["post-3913","page","type-page","status-publish","hentry"],"acf":[],"yoast_head":"<!-- This site is optimized with the Yoast SEO plugin v26.9 - https:\/\/yoast.com\/product\/yoast-seo-wordpress\/ -->\n<title>Kontakt | Las Encinas Properties<\/title>\n<meta name=\"robots\" content=\"index, follow, max-snippet:-1, max-image-preview:large, max-video-preview:-1\" \/>\n<link rel=\"canonical\" href=\"https:\/\/lasencinasproperties.com\/sv\/kontakt\/\" \/>\n<meta property=\"og:locale\" content=\"sv_SE\" \/>\n<meta property=\"og:type\" content=\"article\" \/>\n<meta property=\"og:title\" content=\"Kontakt | Las Encinas Properties\" \/>\n<meta property=\"og:url\" content=\"https:\/\/lasencinasproperties.com\/sv\/kontakt\/\" \/>\n<meta property=\"og:site_name\" content=\"Las Encinas Properties\" \/>\n<meta property=\"article:modified_time\" content=\"2025-05-08T09:25:42+00:00\" \/>\n<meta name=\"twitter:card\" content=\"summary_large_image\" \/>\n<meta name=\"twitter:label1\" content=\"Ber\u00e4knad l\u00e4stid\" \/>\n\t<meta name=\"twitter:data1\" content=\"3 minuter\" \/>\n<script type=\"application\/ld+json\" class=\"yoast-schema-graph\">{\"@context\":\"https:\/\/schema.org\",\"@graph\":[{\"@type\":\"WebPage\",\"@id\":\"https:\/\/lasencinasproperties.com\/sv\/kontakt\/\",\"url\":\"https:\/\/lasencinasproperties.com\/sv\/kontakt\/\",\"name\":\"Kontakt | Las Encinas Properties\",\"isPartOf\":{\"@id\":\"https:\/\/lasencinasproperties.com\/sv\/#website\"},\"datePublished\":\"2025-03-19T17:18:13+00:00\",\"dateModified\":\"2025-05-08T09:25:42+00:00\",\"breadcrumb\":{\"@id\":\"https:\/\/lasencinasproperties.com\/sv\/kontakt\/#breadcrumb\"},\"inLanguage\":\"sv-SE\",\"potentialAction\":[{\"@type\":\"ReadAction\",\"target\":[\"https:\/\/lasencinasproperties.com\/sv\/kontakt\/\"]}]},{\"@type\":\"BreadcrumbList\",\"@id\":\"https:\/\/lasencinasproperties.com\/sv\/kontakt\/#breadcrumb\",\"itemListElement\":[{\"@type\":\"ListItem\",\"position\":1,\"name\":\"Portada\",\"item\":\"https:\/\/lasencinasproperties.com\/sv\/\"},{\"@type\":\"ListItem\",\"position\":2,\"name\":\"Kontakt\"}]},{\"@type\":\"WebSite\",\"@id\":\"https:\/\/lasencinasproperties.com\/sv\/#website\",\"url\":\"https:\/\/lasencinasproperties.com\/sv\/\",\"name\":\"Las Encinas Properties\",\"description\":\"Tu Inmobiliaria en la zona Norte de Madrid\",\"publisher\":{\"@id\":\"https:\/\/lasencinasproperties.com\/sv\/#organization\"},\"potentialAction\":[{\"@type\":\"SearchAction\",\"target\":{\"@type\":\"EntryPoint\",\"urlTemplate\":\"https:\/\/lasencinasproperties.com\/sv\/?s={search_term_string}\"},\"query-input\":{\"@type\":\"PropertyValueSpecification\",\"valueRequired\":true,\"valueName\":\"search_term_string\"}}],\"inLanguage\":\"sv-SE\"},{\"@type\":\"Organization\",\"@id\":\"https:\/\/lasencinasproperties.com\/sv\/#organization\",\"name\":\"Las Encinas Properties\",\"url\":\"https:\/\/lasencinasproperties.com\/sv\/\",\"logo\":{\"@type\":\"ImageObject\",\"inLanguage\":\"sv-SE\",\"@id\":\"https:\/\/lasencinasproperties.com\/sv\/#\/schema\/logo\/image\/\",\"url\":\"https:\/\/lasencinasproperties.com\/wp-content\/uploads\/2020\/07\/2.avif\",\"contentUrl\":\"https:\/\/lasencinasproperties.com\/wp-content\/uploads\/2020\/07\/2.avif\",\"width\":240,\"height\":51,\"caption\":\"Las Encinas Properties\"},\"image\":{\"@id\":\"https:\/\/lasencinasproperties.com\/sv\/#\/schema\/logo\/image\/\"}}]}<\/script>\n<!-- \/ Yoast SEO plugin. -->","yoast_head_json":{"title":"Kontakt | Las Encinas Properties","robots":{"index":"index","follow":"follow","max-snippet":"max-snippet:-1","max-image-preview":"max-image-preview:large","max-video-preview":"max-video-preview:-1"},"canonical":"https:\/\/lasencinasproperties.com\/sv\/kontakt\/","og_locale":"sv_SE","og_type":"article","og_title":"Kontakt | Las Encinas Properties","og_url":"https:\/\/lasencinasproperties.com\/sv\/kontakt\/","og_site_name":"Las Encinas Properties","article_modified_time":"2025-05-08T09:25:42+00:00","twitter_card":"summary_large_image","twitter_misc":{"Ber\u00e4knad l\u00e4stid":"3 minuter"},"schema":{"@context":"https:\/\/schema.org","@graph":[{"@type":"WebPage","@id":"https:\/\/lasencinasproperties.com\/sv\/kontakt\/","url":"https:\/\/lasencinasproperties.com\/sv\/kontakt\/","name":"Kontakt | Las Encinas Properties","isPartOf":{"@id":"https:\/\/lasencinasproperties.com\/sv\/#website"},"datePublished":"2025-03-19T17:18:13+00:00","dateModified":"2025-05-08T09:25:42+00:00","breadcrumb":{"@id":"https:\/\/lasencinasproperties.com\/sv\/kontakt\/#breadcrumb"},"inLanguage":"sv-SE","potentialAction":[{"@type":"ReadAction","target":["https:\/\/lasencinasproperties.com\/sv\/kontakt\/"]}]},{"@type":"BreadcrumbList","@id":"https:\/\/lasencinasproperties.com\/sv\/kontakt\/#breadcrumb","itemListElement":[{"@type":"ListItem","position":1,"name":"Portada","item":"https:\/\/lasencinasproperties.com\/sv\/"},{"@type":"ListItem","position":2,"name":"Kontakt"}]},{"@type":"WebSite","@id":"https:\/\/lasencinasproperties.com\/sv\/#website","url":"https:\/\/lasencinasproperties.com\/sv\/","name":"Las Encinas Properties","description":"Tu Inmobiliaria en la zona Norte de Madrid","publisher":{"@id":"https:\/\/lasencinasproperties.com\/sv\/#organization"},"potentialAction":[{"@type":"SearchAction","target":{"@type":"EntryPoint","urlTemplate":"https:\/\/lasencinasproperties.com\/sv\/?s={search_term_string}"},"query-input":{"@type":"PropertyValueSpecification","valueRequired":true,"valueName":"search_term_string"}}],"inLanguage":"sv-SE"},{"@type":"Organization","@id":"https:\/\/lasencinasproperties.com\/sv\/#organization","name":"Las Encinas Properties","url":"https:\/\/lasencinasproperties.com\/sv\/","logo":{"@type":"ImageObject","inLanguage":"sv-SE","@id":"https:\/\/lasencinasproperties.com\/sv\/#\/schema\/logo\/image\/","url":"https:\/\/lasencinasproperties.com\/wp-content\/uploads\/2020\/07\/2.avif","contentUrl":"https:\/\/lasencinasproperties.com\/wp-content\/uploads\/2020\/07\/2.avif","width":240,"height":51,"caption":"Las Encinas Properties"},"image":{"@id":"https:\/\/lasencinasproperties.com\/sv\/#\/schema\/logo\/image\/"}}]}},"_links":{"self":[{"href":"https:\/\/lasencinasproperties.com\/sv\/wp-json\/wp\/v2\/pages\/3913","targetHints":{"allow":["GET"]}}],"collection":[{"href":"https:\/\/lasencinasproperties.com\/sv\/wp-json\/wp\/v2\/pages"}],"about":[{"href":"https:\/\/lasencinasproperties.com\/sv\/wp-json\/wp\/v2\/types\/page"}],"author":[{"embeddable":true,"href":"https:\/\/lasencinasproperties.com\/sv\/wp-json\/wp\/v2\/users\/1"}],"replies":[{"embeddable":true,"href":"https:\/\/lasencinasproperties.com\/sv\/wp-json\/wp\/v2\/comments?post=3913"}],"version-history":[{"count":1,"href":"https:\/\/lasencinasproperties.com\/sv\/wp-json\/wp\/v2\/pages\/3913\/revisions"}],"predecessor-version":[{"id":3917,"href":"https:\/\/lasencinasproperties.com\/sv\/wp-json\/wp\/v2\/pages\/3913\/revisions\/3917"}],"wp:attachment":[{"href":"https:\/\/lasencinasproperties.com\/sv\/wp-json\/wp\/v2\/media?parent=3913"}],"curies":[{"name":"wp","href":"https:\/\/api.w.org\/{rel}","templated":true}]}}