{"id":3926,"date":"2025-03-27T13:42:08","date_gmt":"2025-03-27T13:42:08","guid":{"rendered":"https:\/\/lasencinasproperties.com\/blogg\/"},"modified":"2025-03-27T13:42:08","modified_gmt":"2025-03-27T13:42:08","slug":"blogg","status":"publish","type":"page","link":"https:\/\/lasencinasproperties.com\/sv\/blogg\/","title":{"rendered":"Blogg"},"content":{"rendered":"<section class=\"l-section wpb_row height_medium\"><div class=\"l-section-h i-cf\"><div class=\"g-cols vc_row via_grid cols_1 laptops-cols_inherit tablets-cols_inherit mobiles-cols_1 valign_top type_default stacking_default\"><div class=\"wpb_column vc_column_container\"><div class=\"vc_column-inner\"><h1 class=\"w-post-elm post_title us_custom_f4aeb7a8 entry-title color_link_inherit\">Blogg<\/h1><div class=\"w-grid us_post_list type_grid layout_blog_9 cols_2 overflow_hidden\" id=\"us_post_list_n5cb\" style=\"--columns:2;--gap:1.5rem;\" data-filterable=\"true\"><style>@media (max-width:600px){#us_post_list_n5cb{--columns:1!important}}.layout_blog_9 .w-grid-item-h{background:var(--color-content-bg);color:var(--color-content-heading);border-radius:0.3rem;box-shadow:0 0.03rem 0.06rem rgba(0,0,0,0.1),0 0.1rem 0.3rem rgba(0,0,0,0.1);transition-duration:0.3s}.no-touch .layout_blog_9 .w-grid-item-h:hover{box-shadow:0 0.12rem 0.24rem rgba(0,0,0,0.1),0 0.4rem 1.2rem rgba(0,0,0,0.15);z-index:4}.layout_blog_9 .usg_vwrapper_1{padding:5% 8% 8% 8%!important}.layout_blog_9 .usg_hwrapper_1{margin-bottom:0.2rem!important}.layout_blog_9 .usg_post_taxonomy_1{font-size:0.8rem!important;font-weight:700!important;text-transform:uppercase!important;margin-right:0.6rem!important}.layout_blog_9 .usg_post_date_1{color:var(--color-content-faded)!important;font-size:0.8rem!important;margin-bottom:0.3rem!important}.layout_blog_9 .usg_post_title_1{color:inherit!important;font-weight:700!important;font-size:1.4rem!important}@media (max-width:600px){.layout_blog_9 .usg_post_title_1{font-size:1.2rem!important}}<\/style><div class=\"w-grid-list\">\t<article class=\"w-grid-item size_1x1 post-3823 post type-post status-publish format-standard has-post-thumbnail hentry category-norra-madrid\" data-id=\"3823\">\r\n\t\t<div class=\"w-grid-item-h\">\r\n\t\t\t\t\t\t<div class=\"w-post-elm post_image usg_post_image_1 stretched\"><a href=\"https:\/\/lasencinasproperties.com\/sv\/upptack-de-basta-omradena-att-bo-i-norra-madrid\/\" aria-label=\"Uppt\u00e4ck de b\u00e4sta omr\u00e5dena att bo i norra Madrid\"><img loading=\"lazy\" decoding=\"async\" width=\"1024\" height=\"683\" src=\"https:\/\/lasencinasproperties.com\/wp-content\/uploads\/2025\/03\/zona-norte-de-Madrid-las-encinas-properties-1024x683.jpg\" class=\"attachment-large size-large wp-post-image\" alt=\"\" srcset=\"https:\/\/lasencinasproperties.com\/wp-content\/uploads\/2025\/03\/zona-norte-de-Madrid-las-encinas-properties-1024x683.jpg 1024w, https:\/\/lasencinasproperties.com\/wp-content\/uploads\/2025\/03\/zona-norte-de-Madrid-las-encinas-properties-300x200.jpg 300w, https:\/\/lasencinasproperties.com\/wp-content\/uploads\/2025\/03\/zona-norte-de-Madrid-las-encinas-properties.jpg 1200w\" sizes=\"auto, (max-width: 1024px) 100vw, 1024px\" \/><\/a><\/div><div class=\"w-vwrapper usg_vwrapper_1 align_none valign_top\"><div class=\"w-hwrapper usg_hwrapper_1 align_none valign_top wrap\"><div class=\"w-post-elm post_taxonomy usg_post_taxonomy_1 style_simple\"><a class=\"term-47 term-norra-madrid\" href=\"https:\/\/lasencinasproperties.com\/sv\/category\/norra-madrid\/\">Norra Madrid<\/a><\/div><time class=\"w-post-elm post_date usg_post_date_1 has_text_color entry-date published\" datetime=\"2025-03-27T13:34:29+00:00\" title=\"27 mars 2025 kl. 13:34:29 +00:00\">1 \u00e5r sedan<\/time><\/div><h2 class=\"w-post-elm post_title usg_post_title_1 has_text_color entry-title color_link_inherit\"><a href=\"https:\/\/lasencinasproperties.com\/sv\/upptack-de-basta-omradena-att-bo-i-norra-madrid\/\">Uppt\u00e4ck de b\u00e4sta omr\u00e5dena att bo i norra Madrid<\/a><\/h2><\/div>\t\t<\/div>\r\n\t\t\t<\/article>\r\n<\/div><div class=\"g-loadmore hidden\"><div class=\"g-preloader type_1\"><div><\/div><\/div><\/div><div class=\"w-grid-list-json hidden\" onclick='return {&quot;max_num_pages&quot;:0,&quot;pagination&quot;:&quot;none&quot;,&quot;paged&quot;:1,&quot;ajaxData&quot;:{&quot;_nonce&quot;:&quot;fc924aee4a&quot;,&quot;action&quot;:&quot;us_ajax_post_list&quot;,&quot;template_vars&quot;:{&quot;paged&quot;:1,&quot;max_num_pages&quot;:0,&quot;no_results&quot;:false,&quot;source&quot;:&quot;all&quot;,&quot;custom_field_name&quot;:&quot;&quot;,&quot;ids&quot;:&quot;&quot;,&quot;post_type&quot;:&quot;post&quot;,&quot;post_author&quot;:&quot;any&quot;,&quot;post_author_ids&quot;:&quot;&quot;,&quot;exclude_children&quot;:0,&quot;exclude_current_post&quot;:1,&quot;exclude_prev_posts&quot;:0,&quot;apply_url_params&quot;:0,&quot;tax_query_relation&quot;:&quot;none&quot;,&quot;tax_query&quot;:[{&quot;operator&quot;:&quot;IN&quot;,&quot;taxonomy&quot;:&quot;category&quot;,&quot;terms&quot;:&quot;&quot;,&quot;include_children&quot;:0}],&quot;meta_query_relation&quot;:&quot;none&quot;,&quot;meta_query&quot;:[{&quot;key&quot;:&quot;custom_field_name&quot;,&quot;compare&quot;:&quot;=&quot;,&quot;value&quot;:&quot;&quot;}],&quot;orderby&quot;:&quot;date&quot;,&quot;orderby_custom_field&quot;:&quot;&quot;,&quot;orderby_custom_type&quot;:0,&quot;order_invert&quot;:0,&quot;show_all&quot;:&quot;1&quot;,&quot;quantity&quot;:&quot;12&quot;,&quot;no_items_action&quot;:&quot;message&quot;,&quot;no_items_message&quot;:&quot;Inga resultat hittades.&quot;,&quot;no_items_page_block&quot;:&quot;&quot;,&quot;pagination&quot;:&quot;none&quot;,&quot;pagination_style&quot;:&quot;&quot;,&quot;pagination_btn_text&quot;:&quot;Load More&quot;,&quot;pagination_btn_size&quot;:&quot;&quot;,&quot;pagination_btn_style&quot;:&quot;1&quot;,&quot;pagination_btn_fullwidth&quot;:0,&quot;items_layout&quot;:&quot;blog_9&quot;,&quot;type&quot;:&quot;grid&quot;,&quot;items_valign&quot;:0,&quot;ignore_items_size&quot;:0,&quot;columns&quot;:&quot;2&quot;,&quot;items_gap&quot;:&quot;1.5rem&quot;,&quot;load_animation&quot;:&quot;none&quot;,&quot;img_size&quot;:&quot;default&quot;,&quot;title_size&quot;:&quot;&quot;,&quot;items_ratio&quot;:&quot;default&quot;,&quot;items_ratio_width&quot;:&quot;21&quot;,&quot;items_ratio_height&quot;:&quot;9&quot;,&quot;overriding_link&quot;:&quot;{\\&quot;url\\&quot;:\\&quot;\\&quot;}&quot;,&quot;popup_width&quot;:&quot;&quot;,&quot;popup_arrows&quot;:1,&quot;breakpoint_1_width&quot;:&quot;1381px&quot;,&quot;breakpoint_1_cols&quot;:&quot;default&quot;,&quot;breakpoint_1_gap&quot;:&quot;&quot;,&quot;breakpoint_2_width&quot;:&quot;1025px&quot;,&quot;breakpoint_2_cols&quot;:&quot;2&quot;,&quot;breakpoint_2_gap&quot;:&quot;&quot;,&quot;breakpoint_3_width&quot;:&quot;601px&quot;,&quot;breakpoint_3_cols&quot;:&quot;1&quot;,&quot;breakpoint_3_gap&quot;:&quot;&quot;,&quot;conditions_operator&quot;:&quot;always&quot;,&quot;conditions&quot;:[],&quot;css&quot;:null,&quot;el_class&quot;:&quot;&quot;,&quot;el_id&quot;:&quot;&quot;,&quot;enable_custom_html_atts&quot;:0,&quot;custom_html_atts&quot;:null,&quot;hide_on_states&quot;:&quot;&quot;,&quot;hide_for_sticky&quot;:0,&quot;hide_for_not_sticky&quot;:0,&quot;hide_below&quot;:&quot;0px&quot;,&quot;hide_above&quot;:&quot;0px&quot;,&quot;classes&quot;:&quot;&quot;}}}'><\/div><\/div><\/div><\/div><\/div><\/div><\/section>\n","protected":false},"excerpt":{"rendered":"","protected":false},"author":1,"featured_media":0,"parent":0,"menu_order":0,"comment_status":"closed","ping_status":"closed","template":"","meta":{"_acf_changed":false,"footnotes":""},"class_list":["post-3926","page","type-page","status-publish","hentry"],"acf":[],"yoast_head":"<!-- This site is optimized with the Yoast SEO plugin v26.9 - https:\/\/yoast.com\/product\/yoast-seo-wordpress\/ -->\n<title>Blogg | Las Encinas Properties<\/title>\n<meta name=\"robots\" content=\"index, follow, max-snippet:-1, max-image-preview:large, max-video-preview:-1\" \/>\n<link rel=\"canonical\" href=\"https:\/\/lasencinasproperties.com\/sv\/blogg\/\" \/>\n<meta property=\"og:locale\" content=\"sv_SE\" \/>\n<meta property=\"og:type\" content=\"article\" \/>\n<meta property=\"og:title\" content=\"Blogg | Las Encinas Properties\" \/>\n<meta property=\"og:url\" content=\"https:\/\/lasencinasproperties.com\/sv\/blogg\/\" \/>\n<meta property=\"og:site_name\" content=\"Las Encinas Properties\" \/>\n<meta name=\"twitter:card\" content=\"summary_large_image\" \/>\n<script type=\"application\/ld+json\" class=\"yoast-schema-graph\">{\"@context\":\"https:\/\/schema.org\",\"@graph\":[{\"@type\":\"WebPage\",\"@id\":\"https:\/\/lasencinasproperties.com\/sv\/blogg\/\",\"url\":\"https:\/\/lasencinasproperties.com\/sv\/blogg\/\",\"name\":\"Blogg | Las Encinas Properties\",\"isPartOf\":{\"@id\":\"https:\/\/lasencinasproperties.com\/sv\/#website\"},\"datePublished\":\"2025-03-27T13:42:08+00:00\",\"breadcrumb\":{\"@id\":\"https:\/\/lasencinasproperties.com\/sv\/blogg\/#breadcrumb\"},\"inLanguage\":\"sv-SE\",\"potentialAction\":[{\"@type\":\"ReadAction\",\"target\":[\"https:\/\/lasencinasproperties.com\/sv\/blogg\/\"]}]},{\"@type\":\"BreadcrumbList\",\"@id\":\"https:\/\/lasencinasproperties.com\/sv\/blogg\/#breadcrumb\",\"itemListElement\":[{\"@type\":\"ListItem\",\"position\":1,\"name\":\"Portada\",\"item\":\"https:\/\/lasencinasproperties.com\/sv\/\"},{\"@type\":\"ListItem\",\"position\":2,\"name\":\"Blogg\"}]},{\"@type\":\"WebSite\",\"@id\":\"https:\/\/lasencinasproperties.com\/sv\/#website\",\"url\":\"https:\/\/lasencinasproperties.com\/sv\/\",\"name\":\"Las Encinas Properties\",\"description\":\"Tu Inmobiliaria en la zona Norte de Madrid\",\"publisher\":{\"@id\":\"https:\/\/lasencinasproperties.com\/sv\/#organization\"},\"potentialAction\":[{\"@type\":\"SearchAction\",\"target\":{\"@type\":\"EntryPoint\",\"urlTemplate\":\"https:\/\/lasencinasproperties.com\/sv\/?s={search_term_string}\"},\"query-input\":{\"@type\":\"PropertyValueSpecification\",\"valueRequired\":true,\"valueName\":\"search_term_string\"}}],\"inLanguage\":\"sv-SE\"},{\"@type\":\"Organization\",\"@id\":\"https:\/\/lasencinasproperties.com\/sv\/#organization\",\"name\":\"Las Encinas Properties\",\"url\":\"https:\/\/lasencinasproperties.com\/sv\/\",\"logo\":{\"@type\":\"ImageObject\",\"inLanguage\":\"sv-SE\",\"@id\":\"https:\/\/lasencinasproperties.com\/sv\/#\/schema\/logo\/image\/\",\"url\":\"https:\/\/lasencinasproperties.com\/wp-content\/uploads\/2020\/07\/2.avif\",\"contentUrl\":\"https:\/\/lasencinasproperties.com\/wp-content\/uploads\/2020\/07\/2.avif\",\"width\":240,\"height\":51,\"caption\":\"Las Encinas Properties\"},\"image\":{\"@id\":\"https:\/\/lasencinasproperties.com\/sv\/#\/schema\/logo\/image\/\"}}]}<\/script>\n<!-- \/ Yoast SEO plugin. -->","yoast_head_json":{"title":"Blogg | Las Encinas Properties","robots":{"index":"index","follow":"follow","max-snippet":"max-snippet:-1","max-image-preview":"max-image-preview:large","max-video-preview":"max-video-preview:-1"},"canonical":"https:\/\/lasencinasproperties.com\/sv\/blogg\/","og_locale":"sv_SE","og_type":"article","og_title":"Blogg | Las Encinas Properties","og_url":"https:\/\/lasencinasproperties.com\/sv\/blogg\/","og_site_name":"Las Encinas Properties","twitter_card":"summary_large_image","schema":{"@context":"https:\/\/schema.org","@graph":[{"@type":"WebPage","@id":"https:\/\/lasencinasproperties.com\/sv\/blogg\/","url":"https:\/\/lasencinasproperties.com\/sv\/blogg\/","name":"Blogg | Las Encinas Properties","isPartOf":{"@id":"https:\/\/lasencinasproperties.com\/sv\/#website"},"datePublished":"2025-03-27T13:42:08+00:00","breadcrumb":{"@id":"https:\/\/lasencinasproperties.com\/sv\/blogg\/#breadcrumb"},"inLanguage":"sv-SE","potentialAction":[{"@type":"ReadAction","target":["https:\/\/lasencinasproperties.com\/sv\/blogg\/"]}]},{"@type":"BreadcrumbList","@id":"https:\/\/lasencinasproperties.com\/sv\/blogg\/#breadcrumb","itemListElement":[{"@type":"ListItem","position":1,"name":"Portada","item":"https:\/\/lasencinasproperties.com\/sv\/"},{"@type":"ListItem","position":2,"name":"Blogg"}]},{"@type":"WebSite","@id":"https:\/\/lasencinasproperties.com\/sv\/#website","url":"https:\/\/lasencinasproperties.com\/sv\/","name":"Las Encinas Properties","description":"Tu Inmobiliaria en la zona Norte de Madrid","publisher":{"@id":"https:\/\/lasencinasproperties.com\/sv\/#organization"},"potentialAction":[{"@type":"SearchAction","target":{"@type":"EntryPoint","urlTemplate":"https:\/\/lasencinasproperties.com\/sv\/?s={search_term_string}"},"query-input":{"@type":"PropertyValueSpecification","valueRequired":true,"valueName":"search_term_string"}}],"inLanguage":"sv-SE"},{"@type":"Organization","@id":"https:\/\/lasencinasproperties.com\/sv\/#organization","name":"Las Encinas Properties","url":"https:\/\/lasencinasproperties.com\/sv\/","logo":{"@type":"ImageObject","inLanguage":"sv-SE","@id":"https:\/\/lasencinasproperties.com\/sv\/#\/schema\/logo\/image\/","url":"https:\/\/lasencinasproperties.com\/wp-content\/uploads\/2020\/07\/2.avif","contentUrl":"https:\/\/lasencinasproperties.com\/wp-content\/uploads\/2020\/07\/2.avif","width":240,"height":51,"caption":"Las Encinas Properties"},"image":{"@id":"https:\/\/lasencinasproperties.com\/sv\/#\/schema\/logo\/image\/"}}]}},"_links":{"self":[{"href":"https:\/\/lasencinasproperties.com\/sv\/wp-json\/wp\/v2\/pages\/3926","targetHints":{"allow":["GET"]}}],"collection":[{"href":"https:\/\/lasencinasproperties.com\/sv\/wp-json\/wp\/v2\/pages"}],"about":[{"href":"https:\/\/lasencinasproperties.com\/sv\/wp-json\/wp\/v2\/types\/page"}],"author":[{"embeddable":true,"href":"https:\/\/lasencinasproperties.com\/sv\/wp-json\/wp\/v2\/users\/1"}],"replies":[{"embeddable":true,"href":"https:\/\/lasencinasproperties.com\/sv\/wp-json\/wp\/v2\/comments?post=3926"}],"version-history":[{"count":0,"href":"https:\/\/lasencinasproperties.com\/sv\/wp-json\/wp\/v2\/pages\/3926\/revisions"}],"wp:attachment":[{"href":"https:\/\/lasencinasproperties.com\/sv\/wp-json\/wp\/v2\/media?parent=3926"}],"curies":[{"name":"wp","href":"https:\/\/api.w.org\/{rel}","templated":true}]}}