{"id":3938,"date":"2025-03-19T14:38:09","date_gmt":"2025-03-19T14:38:09","guid":{"rendered":"https:\/\/lasencinasproperties.com\/omlokalisering-i-madrid-ett-nytt-hem-ett-nytt-liv\/"},"modified":"2025-05-08T09:25:43","modified_gmt":"2025-05-08T09:25:43","slug":"omlokalisering-i-madrid-ett-nytt-hem-ett-nytt-liv","status":"publish","type":"page","link":"https:\/\/lasencinasproperties.com\/sv\/omlokalisering-i-madrid-ett-nytt-hem-ett-nytt-liv\/","title":{"rendered":"Omlokalisering i Madrid: Ett nytt hem, ett nytt liv"},"content":{"rendered":"<section class=\"l-section wpb_row height_medium\"><div class=\"l-section-h i-cf\"><div class=\"g-cols vc_row via_grid cols_1 laptops-cols_inherit tablets-cols_inherit mobiles-cols_1 valign_top type_default stacking_default\"><div class=\"wpb_column vc_column_container\"><div class=\"vc_column-inner\"><div class=\"g-cols wpb_row via_grid cols_3-2 laptops-cols_inherit tablets-cols_inherit mobiles-cols_1 valign_middle type_default stacking_default\" style=\"--columns-gap:3rem;\"><div class=\"wpb_column vc_column_container\"><div class=\"vc_column-inner\"><h1 class=\"w-post-elm post_title us_custom_f4aeb7a8 entry-title color_link_inherit\">Omlokalisering i Madrid: Ett nytt hem, ett nytt liv<\/h1><div class=\"wpb_text_column\"><div class=\"wpb_wrapper\"><p>Att flytta till en ny stad kan vara en utmaning, men med<span> <\/span><strong>Las Encinas Properties<\/strong> blir \u00f6verg\u00e5ngen en smidig och bekymmersfri upplevelse. V\u00e5r service av<span> <\/span><strong>Omlokalisering<\/strong><span> <\/span>p\u00e5<span> <\/span><strong>Madrid<\/strong><span> <\/span>\u00e4r utformad f\u00f6r privatpersoner och f\u00f6retag som vill ha en effektiv, personlig och stressfri flytt. Vi blir din guide och ditt st\u00f6d fr\u00e5n dag ett och ser till att du och din familj k\u00e4nner er som hemma fr\u00e5n allra f\u00f6rsta dagen.<\/p>\n<\/div><\/div><\/div><\/div><div class=\"wpb_column vc_column_container\"><div class=\"vc_column-inner\"><div class=\"w-image style_shadow-2 has_ratio align_none\"><div class=\"w-image-h\"><div style=\"padding-bottom:75%\"><\/div><div class=\"w-image-shadow\" style=\"background-image:url(https:\/\/lasencinasproperties.com\/wp-content\/uploads\/2025\/04\/Relocation-familia-la-moraleja-zona-norte-Madrid-Las-Encinas-Properties.jpg);\"><\/div><img decoding=\"async\" width=\"850\" height=\"1275\" src=\"https:\/\/lasencinasproperties.com\/wp-content\/uploads\/2025\/04\/Relocation-familia-la-moraleja-zona-norte-Madrid-Las-Encinas-Properties.jpg\" class=\"attachment-full size-full\" alt=\"\" loading=\"lazy\" \/><\/div><\/div><\/div><\/div><\/div><div class=\"w-separator size_large\"><\/div><div class=\"g-cols wpb_row via_grid cols_1-2 laptops-cols_inherit tablets-cols_inherit mobiles-cols_1 valign_top type_default reversed stacking_default\" style=\"--columns-gap:3rem;\"><div class=\"wpb_column vc_column_container type_sticky\"><div class=\"vc_column-inner\"><div class=\"w-image style_shadow-2 align_none\"><div class=\"w-image-h\"><div class=\"w-image-shadow\" style=\"background-image:url(https:\/\/lasencinasproperties.com\/wp-content\/uploads\/2025\/03\/Alquiler-de-piso-en-camino-de-los-jardines-Las-Encinas-Properties-38.jpg);\"><\/div><img decoding=\"async\" width=\"1280\" height=\"960\" src=\"https:\/\/lasencinasproperties.com\/wp-content\/uploads\/2025\/03\/Alquiler-de-piso-en-camino-de-los-jardines-Las-Encinas-Properties-38.jpg\" class=\"attachment-full size-full\" alt=\"\" loading=\"lazy\" srcset=\"https:\/\/lasencinasproperties.com\/wp-content\/uploads\/2025\/03\/Alquiler-de-piso-en-camino-de-los-jardines-Las-Encinas-Properties-38.jpg 1280w, https:\/\/lasencinasproperties.com\/wp-content\/uploads\/2025\/03\/Alquiler-de-piso-en-camino-de-los-jardines-Las-Encinas-Properties-38-300x225.jpg 300w, https:\/\/lasencinasproperties.com\/wp-content\/uploads\/2025\/03\/Alquiler-de-piso-en-camino-de-los-jardines-Las-Encinas-Properties-38-1024x768.jpg 1024w\" sizes=\"auto, (max-width: 1280px) 100vw, 1280px\" \/><\/div><\/div><\/div><\/div><div class=\"wpb_column vc_column_container\"><div class=\"vc_column-inner\"><h2 class=\"w-text\"><span class=\"w-text-h\"><span class=\"w-text-value\">Hur kan vi hj\u00e4lpa dig?<\/span><\/span><\/h2><div class=\"wpb_text_column\"><div class=\"wpb_wrapper\"><ul>\n<li><strong>S\u00f6ka bostad:<\/strong><span> Vi hittar den perfekta bostaden som passar dina behov och din livsstil.<\/span><\/li>\n<li><strong>Rundtur i omr\u00e5det:<\/strong><span> Vi visar dig de b\u00e4sta kvarteren, tj\u00e4nsterna och de viktigaste platserna i La Moraleja.<\/span><\/li>\n<li><strong>Tillf\u00e4lligt boende:<\/strong><span> Om du beh\u00f6ver en plats medan du hittar ditt permanenta hem tar vi hand om det.<\/span><\/li>\n<li><strong>\u00d6ppna ett bankkonto:<\/strong><span> Vi g\u00f6r det enkelt f\u00f6r dig att starta din dagliga verksamhet utan kr\u00e5ngel.<\/span><\/li>\n<li><strong>Val av skolor:<\/strong><span> Vi rekommenderar dig att hitta det b\u00e4sta utbildningsalternativet f\u00f6r dina barn.<\/span><\/li>\n<li><strong>Anpassningstj\u00e4nster:<\/strong><span> Fr\u00e5n st\u00e4dning och uthyrning av m\u00f6bler till f\u00f6rs\u00e4kringar, fritidsaktiviteter och renoveringar.<\/span><\/li>\n<li><strong>Administrativa formaliteter:<\/strong><span> Vi hj\u00e4lper dig med folkbokf\u00f6ringsregistreringar, tillst\u00e5nd och andra n\u00f6dv\u00e4ndiga formaliteter.<\/span><\/li>\n<li><strong>Spr\u00e5kundervisning:<\/strong><span> Vi underl\u00e4ttar din integration med kurser som \u00e4r anpassade efter din niv\u00e5 och dina behov.<\/span><\/li>\n<\/ul>\n<\/div><\/div><\/div><\/div><\/div><\/div><\/div><\/div><\/div><\/section><section class=\"l-section wpb_row height_medium color_primary\"><div class=\"l-section-h i-cf\"><div class=\"g-cols vc_row via_grid cols_1 laptops-cols_inherit tablets-cols_inherit mobiles-cols_1 valign_top type_default stacking_default\"><div class=\"wpb_column vc_column_container\"><div class=\"vc_column-inner\"><h3 class=\"w-text\"><span class=\"w-text-h\"><span class=\"w-text-value\">Din sinnesfrid, v\u00e5r prioritet<\/span><\/span><\/h3><div class=\"wpb_text_column\"><div class=\"wpb_wrapper\"><p>V\u00e5ra agenter f\u00f6r<span> <\/span><strong>Omlokalisering<\/strong><span> <\/span>\u00e4r mer \u00e4n en r\u00e5dgivare: de \u00e4r den f\u00f6rsta kontakten med ditt nya liv, bron mellan ditt gamla hem och ditt nya. Vi tar hand om alla detaljer s\u00e5 att du bara beh\u00f6ver oroa dig f\u00f6r att njuta av det nya skedet.<\/p>\n<p>Den f\u00f6rlitar sig p\u00e5<span> <\/span><strong>Las Encinas fastigheter<\/strong><span> <\/span>f\u00f6r en s\u00f6ml\u00f6s \u00f6verg\u00e5ng till ditt nya hem i<span> <\/span><strong>La Moraleja<\/strong>.<\/p>\n<\/div><\/div><div class=\"w-btn-wrapper align_none\"><a class=\"w-btn us-btn-style_3 us_custom_4e7a154b\" href=\"https:\/\/lasencinasproperties.com\/contacto\/\"><span class=\"w-btn-label\">Kontakta oss och l\u00e5t oss b\u00f6rja detta nya \u00e4ventyr tillsammans.<\/span><\/a><\/div><\/div><\/div><\/div><\/div><\/section>\n","protected":false},"excerpt":{"rendered":"","protected":false},"author":1,"featured_media":0,"parent":0,"menu_order":0,"comment_status":"closed","ping_status":"closed","template":"","meta":{"_acf_changed":false,"footnotes":""},"class_list":["post-3938","page","type-page","status-publish","hentry"],"acf":[],"yoast_head":"<!-- This site is optimized with the Yoast SEO plugin v26.9 - https:\/\/yoast.com\/product\/yoast-seo-wordpress\/ -->\n<title>Omlokalisering i Madrid: Ett nytt hem, ett nytt liv | Las Encinas Properties<\/title>\n<meta name=\"robots\" content=\"index, follow, max-snippet:-1, max-image-preview:large, max-video-preview:-1\" \/>\n<link rel=\"canonical\" href=\"https:\/\/lasencinasproperties.com\/sv\/omlokalisering-i-madrid-ett-nytt-hem-ett-nytt-liv\/\" \/>\n<meta property=\"og:locale\" content=\"sv_SE\" \/>\n<meta property=\"og:type\" content=\"article\" \/>\n<meta property=\"og:title\" content=\"Omlokalisering i Madrid: Ett nytt hem, ett nytt liv | Las Encinas Properties\" \/>\n<meta property=\"og:url\" content=\"https:\/\/lasencinasproperties.com\/sv\/omlokalisering-i-madrid-ett-nytt-hem-ett-nytt-liv\/\" \/>\n<meta property=\"og:site_name\" content=\"Las Encinas Properties\" \/>\n<meta property=\"article:modified_time\" content=\"2025-05-08T09:25:43+00:00\" \/>\n<meta name=\"twitter:card\" content=\"summary_large_image\" \/>\n<meta name=\"twitter:label1\" content=\"Ber\u00e4knad l\u00e4stid\" \/>\n\t<meta name=\"twitter:data1\" content=\"3 minuter\" \/>\n<script type=\"application\/ld+json\" class=\"yoast-schema-graph\">{\"@context\":\"https:\/\/schema.org\",\"@graph\":[{\"@type\":\"WebPage\",\"@id\":\"https:\/\/lasencinasproperties.com\/sv\/omlokalisering-i-madrid-ett-nytt-hem-ett-nytt-liv\/\",\"url\":\"https:\/\/lasencinasproperties.com\/sv\/omlokalisering-i-madrid-ett-nytt-hem-ett-nytt-liv\/\",\"name\":\"Omlokalisering i Madrid: Ett nytt hem, ett nytt liv | Las Encinas Properties\",\"isPartOf\":{\"@id\":\"https:\/\/lasencinasproperties.com\/sv\/#website\"},\"datePublished\":\"2025-03-19T14:38:09+00:00\",\"dateModified\":\"2025-05-08T09:25:43+00:00\",\"breadcrumb\":{\"@id\":\"https:\/\/lasencinasproperties.com\/sv\/omlokalisering-i-madrid-ett-nytt-hem-ett-nytt-liv\/#breadcrumb\"},\"inLanguage\":\"sv-SE\",\"potentialAction\":[{\"@type\":\"ReadAction\",\"target\":[\"https:\/\/lasencinasproperties.com\/sv\/omlokalisering-i-madrid-ett-nytt-hem-ett-nytt-liv\/\"]}]},{\"@type\":\"BreadcrumbList\",\"@id\":\"https:\/\/lasencinasproperties.com\/sv\/omlokalisering-i-madrid-ett-nytt-hem-ett-nytt-liv\/#breadcrumb\",\"itemListElement\":[{\"@type\":\"ListItem\",\"position\":1,\"name\":\"Portada\",\"item\":\"https:\/\/lasencinasproperties.com\/sv\/\"},{\"@type\":\"ListItem\",\"position\":2,\"name\":\"Omlokalisering i Madrid: Ett nytt hem, ett nytt liv\"}]},{\"@type\":\"WebSite\",\"@id\":\"https:\/\/lasencinasproperties.com\/sv\/#website\",\"url\":\"https:\/\/lasencinasproperties.com\/sv\/\",\"name\":\"Las Encinas Properties\",\"description\":\"Tu Inmobiliaria en la zona Norte de Madrid\",\"publisher\":{\"@id\":\"https:\/\/lasencinasproperties.com\/sv\/#organization\"},\"potentialAction\":[{\"@type\":\"SearchAction\",\"target\":{\"@type\":\"EntryPoint\",\"urlTemplate\":\"https:\/\/lasencinasproperties.com\/sv\/?s={search_term_string}\"},\"query-input\":{\"@type\":\"PropertyValueSpecification\",\"valueRequired\":true,\"valueName\":\"search_term_string\"}}],\"inLanguage\":\"sv-SE\"},{\"@type\":\"Organization\",\"@id\":\"https:\/\/lasencinasproperties.com\/sv\/#organization\",\"name\":\"Las Encinas Properties\",\"url\":\"https:\/\/lasencinasproperties.com\/sv\/\",\"logo\":{\"@type\":\"ImageObject\",\"inLanguage\":\"sv-SE\",\"@id\":\"https:\/\/lasencinasproperties.com\/sv\/#\/schema\/logo\/image\/\",\"url\":\"https:\/\/lasencinasproperties.com\/wp-content\/uploads\/2020\/07\/2.avif\",\"contentUrl\":\"https:\/\/lasencinasproperties.com\/wp-content\/uploads\/2020\/07\/2.avif\",\"width\":240,\"height\":51,\"caption\":\"Las Encinas Properties\"},\"image\":{\"@id\":\"https:\/\/lasencinasproperties.com\/sv\/#\/schema\/logo\/image\/\"}}]}<\/script>\n<!-- \/ Yoast SEO plugin. -->","yoast_head_json":{"title":"Omlokalisering i Madrid: Ett nytt hem, ett nytt liv | Las Encinas Properties","robots":{"index":"index","follow":"follow","max-snippet":"max-snippet:-1","max-image-preview":"max-image-preview:large","max-video-preview":"max-video-preview:-1"},"canonical":"https:\/\/lasencinasproperties.com\/sv\/omlokalisering-i-madrid-ett-nytt-hem-ett-nytt-liv\/","og_locale":"sv_SE","og_type":"article","og_title":"Omlokalisering i Madrid: Ett nytt hem, ett nytt liv | Las Encinas Properties","og_url":"https:\/\/lasencinasproperties.com\/sv\/omlokalisering-i-madrid-ett-nytt-hem-ett-nytt-liv\/","og_site_name":"Las Encinas Properties","article_modified_time":"2025-05-08T09:25:43+00:00","twitter_card":"summary_large_image","twitter_misc":{"Ber\u00e4knad l\u00e4stid":"3 minuter"},"schema":{"@context":"https:\/\/schema.org","@graph":[{"@type":"WebPage","@id":"https:\/\/lasencinasproperties.com\/sv\/omlokalisering-i-madrid-ett-nytt-hem-ett-nytt-liv\/","url":"https:\/\/lasencinasproperties.com\/sv\/omlokalisering-i-madrid-ett-nytt-hem-ett-nytt-liv\/","name":"Omlokalisering i Madrid: Ett nytt hem, ett nytt liv | Las Encinas Properties","isPartOf":{"@id":"https:\/\/lasencinasproperties.com\/sv\/#website"},"datePublished":"2025-03-19T14:38:09+00:00","dateModified":"2025-05-08T09:25:43+00:00","breadcrumb":{"@id":"https:\/\/lasencinasproperties.com\/sv\/omlokalisering-i-madrid-ett-nytt-hem-ett-nytt-liv\/#breadcrumb"},"inLanguage":"sv-SE","potentialAction":[{"@type":"ReadAction","target":["https:\/\/lasencinasproperties.com\/sv\/omlokalisering-i-madrid-ett-nytt-hem-ett-nytt-liv\/"]}]},{"@type":"BreadcrumbList","@id":"https:\/\/lasencinasproperties.com\/sv\/omlokalisering-i-madrid-ett-nytt-hem-ett-nytt-liv\/#breadcrumb","itemListElement":[{"@type":"ListItem","position":1,"name":"Portada","item":"https:\/\/lasencinasproperties.com\/sv\/"},{"@type":"ListItem","position":2,"name":"Omlokalisering i Madrid: Ett nytt hem, ett nytt liv"}]},{"@type":"WebSite","@id":"https:\/\/lasencinasproperties.com\/sv\/#website","url":"https:\/\/lasencinasproperties.com\/sv\/","name":"Las Encinas Properties","description":"Tu Inmobiliaria en la zona Norte de Madrid","publisher":{"@id":"https:\/\/lasencinasproperties.com\/sv\/#organization"},"potentialAction":[{"@type":"SearchAction","target":{"@type":"EntryPoint","urlTemplate":"https:\/\/lasencinasproperties.com\/sv\/?s={search_term_string}"},"query-input":{"@type":"PropertyValueSpecification","valueRequired":true,"valueName":"search_term_string"}}],"inLanguage":"sv-SE"},{"@type":"Organization","@id":"https:\/\/lasencinasproperties.com\/sv\/#organization","name":"Las Encinas Properties","url":"https:\/\/lasencinasproperties.com\/sv\/","logo":{"@type":"ImageObject","inLanguage":"sv-SE","@id":"https:\/\/lasencinasproperties.com\/sv\/#\/schema\/logo\/image\/","url":"https:\/\/lasencinasproperties.com\/wp-content\/uploads\/2020\/07\/2.avif","contentUrl":"https:\/\/lasencinasproperties.com\/wp-content\/uploads\/2020\/07\/2.avif","width":240,"height":51,"caption":"Las Encinas Properties"},"image":{"@id":"https:\/\/lasencinasproperties.com\/sv\/#\/schema\/logo\/image\/"}}]}},"_links":{"self":[{"href":"https:\/\/lasencinasproperties.com\/sv\/wp-json\/wp\/v2\/pages\/3938","targetHints":{"allow":["GET"]}}],"collection":[{"href":"https:\/\/lasencinasproperties.com\/sv\/wp-json\/wp\/v2\/pages"}],"about":[{"href":"https:\/\/lasencinasproperties.com\/sv\/wp-json\/wp\/v2\/types\/page"}],"author":[{"embeddable":true,"href":"https:\/\/lasencinasproperties.com\/sv\/wp-json\/wp\/v2\/users\/1"}],"replies":[{"embeddable":true,"href":"https:\/\/lasencinasproperties.com\/sv\/wp-json\/wp\/v2\/comments?post=3938"}],"version-history":[{"count":1,"href":"https:\/\/lasencinasproperties.com\/sv\/wp-json\/wp\/v2\/pages\/3938\/revisions"}],"predecessor-version":[{"id":3941,"href":"https:\/\/lasencinasproperties.com\/sv\/wp-json\/wp\/v2\/pages\/3938\/revisions\/3941"}],"wp:attachment":[{"href":"https:\/\/lasencinasproperties.com\/sv\/wp-json\/wp\/v2\/media?parent=3938"}],"curies":[{"name":"wp","href":"https:\/\/api.w.org\/{rel}","templated":true}]}}