{"id":3943,"date":"2025-03-27T13:50:16","date_gmt":"2025-03-27T13:50:16","guid":{"rendered":"https:\/\/lasencinasproperties.com\/juridiskt-meddelande\/"},"modified":"2025-06-04T13:33:00","modified_gmt":"2025-06-04T13:33:00","slug":"juridiskt-meddelande","status":"publish","type":"page","link":"https:\/\/lasencinasproperties.com\/sv\/juridiskt-meddelande\/","title":{"rendered":"Juridiskt meddelande"},"content":{"rendered":"<h1 data-pm-slice=\"1 1 []\">Juridiskt meddelande<\/h1>\n<p data-pm-slice=\"1 1 []\">IDENTIFIERINGSDATA<\/p>\n<p data-start=\"324\" data-end=\"556\">\u00c4garen av webbplatsen <span>lasencinasproperties.com<\/span> uppger f\u00f6ljande skatte- och identifieringsuppgifter, s\u00e5som \u00e4garen, La Moraleja Home S.L., med CIF: B13942339, och registrerat kontor bel\u00e4get p\u00e5 Calle de la Estafeta 2, portal 3, 28109 Alcobendas (Madrid), vars e-postadress \u00e4r info@lasencinasproperties.com.<\/p>\n<p data-pm-slice=\"1 1 []\"><span>TYP AV TJ\u00c4NSTER<\/span><\/p>\n<p><span>Tillg\u00e5ng till lasencinasproperties.com \u00e4r i princip kostnadsfri, utan att det p\u00e5verkar det faktum att upphandlingen av produkter eller tj\u00e4nster via lasencinasproperties.com \u00e4r f\u00f6rem\u00e5l f\u00f6r en ekonomisk ers\u00e4ttning.<\/span><\/p>\n<p><span>ANV\u00c4NDARENS ANSVAR<\/span><\/p>\n<p><span>Anv\u00e4ndaren f\u00f6rbinder sig att inte anv\u00e4nda lasencinasproperties.com eller den information som erbjuds d\u00e4r f\u00f6r aktiviteter som strider mot lag, moral eller allm\u00e4n ordning och i allm\u00e4nhet att anv\u00e4nda den i enlighet med de villkor som fastst\u00e4lls av lasencinasproperties.com.<\/span><\/p>\n<p><span>Anv\u00e4ndarens \u00e5sikter, inneh\u00e5ll och i allm\u00e4nhet alla aktiviteter som utf\u00f6rs av anv\u00e4ndaren \u00e4r anv\u00e4ndarens enda ansvar, och lasencinasproperties.com kan inte h\u00e5llas ansvarigt f\u00f6r n\u00e5gon skada eller skada som kan h\u00e4rledas fr\u00e5n dessa aktiviteter utanf\u00f6r dess kontroll och utan att den senare har n\u00e5gon effektiv kunskap om dem.<\/span><\/p>\n<p><span>ANSVAR F\u00d6R LASENCINASPROPERTIES.COM<\/span><\/p>\n<p><span>lasencinasproperties.com ansvarar inte f\u00f6r eventuella fel vid \u00e5tkomst till webbplatsen eller dess inneh\u00e5ll, \u00e4ven om det kommer att g\u00f6ra sitt yttersta f\u00f6r att se till att dessa fel inte uppst\u00e5r.<\/span><\/p>\n<p><span>lasencinasproperties.com f\u00f6rbeh\u00e5ller sig r\u00e4tten att utan f\u00f6reg\u00e5ende meddelande tillf\u00e4lligt avbryta webbplatsens tillg\u00e4nglighet p\u00e5 grund av eventuellt behov av att utf\u00f6ra underh\u00e5ll, reparation, uppdatering eller f\u00f6rb\u00e4ttring.<\/span><\/p>\n<p><span>IMMATERIELLA OCH INDUSTRIELLA R\u00c4TTIGHETER<\/span><\/p>\n<p><span>Allt inneh\u00e5ll p\u00e5 lasencinasproperties.com (inklusive, men inte begr\u00e4nsat till, databaser, bilder, ritningar, grafik, textfiler, ljud, video och programvara) \u00e4r dess egendom och skyddas av nationella och internationella lagar om immateriell och industriell \u00e4gander\u00e4tt, och alla r\u00e4ttigheter f\u00f6rbeh\u00e5lls.<\/span><\/p>\n<p><span>Dom\u00e4nnamnet, varum\u00e4rkena, tecknen, k\u00e4nnetecknen eller logotyperna som visas p\u00e5 webbplatsen tillh\u00f6r lasencinasproperties.com.<\/span><\/p>\n<p><span>Alla texter, grafiska m\u00f6nster, videor eller ljudst\u00f6d som kan finnas vid denna tidpunkt eller i framtiden p\u00e5 denna webbplats tillh\u00f6r lasencinasproperties.com och f\u00e5r inte bli f\u00f6rem\u00e5l f\u00f6r efterf\u00f6ljande modifiering, kopiering, \u00e4ndring, total eller delvis reproduktion, anpassning eller \u00f6vers\u00e4ttning av anv\u00e4ndaren eller tredje part utan uttryckligt tillst\u00e5nd fr\u00e5n lasencinasproperties.com.<\/span><\/p>\n<p><span>Otill\u00e5ten anv\u00e4ndning av informationen p\u00e5 denna webbplats, liksom alla brott mot immateriella eller industriella r\u00e4ttigheter, kommer att ge upphov till det lagligt fastst\u00e4llda ansvaret.<\/span><\/p>\n<p><span>HYPERL\u00c4NKAR<\/span><\/p>\n<p><span>Uppr\u00e4ttandet av en hyperl\u00e4nk fr\u00e5n en extern webbplats till n\u00e5gon av sidorna p\u00e5 webbplatsen lasencinasproperties.com ska omfattas av f\u00f6ljande villkor:<\/span><\/p>\n<ul data-spread=\"false\">\n<li><span>Det \u00e4r inte till\u00e5tet att reproducera hela eller delar av n\u00e5gon av de tj\u00e4nster som finns p\u00e5 lasencinasproperties.com.<\/span><\/li>\n<li><span>Inga falska, inexakta eller felaktiga uttalanden f\u00e5r g\u00f6ras om webbplatsen lasencinasproperties.com och dess tj\u00e4nster.<\/span><\/li>\n<li><span>Under inga omst\u00e4ndigheter kommer lasencinasproperties.com att ansvara f\u00f6r inneh\u00e5ll, information, uttalanden, \u00e5sikter eller tj\u00e4nster som g\u00f6rs tillg\u00e4ngliga f\u00f6r allm\u00e4nheten p\u00e5 den webbplats fr\u00e5n vilken en hyperl\u00e4nk uppr\u00e4ttas till denna webbplats.<\/span><\/li>\n<li><span>Varje hyperl\u00e4nk kommer att vara till hemsidan f\u00f6r lasencinasproperties.com.<\/span><\/li>\n<\/ul>\n<p><span>De hyperl\u00e4nkar som finns p\u00e5 webbplatsen har tidigare \u00f6verenskommits med \u00e4garna till de l\u00e4nkade webbplatserna. lasencinasproperties.com ska inte h\u00e5llas ansvarigt f\u00f6r missbruk eller aktiviteter som strider mot lag, moral eller allm\u00e4n ordning som utf\u00f6rs av anv\u00e4ndare p\u00e5 n\u00e4mnda l\u00e4nkade webbplatser. <\/span><\/p>\n<p><span>GILTIGHETEN AV ANV\u00c4NDNINGSVILLKOREN<\/span><\/p>\n<p><span>Villkoren f\u00f6r anv\u00e4ndning av denna webbplats \u00e4r obest\u00e4mda, lasencinasproperties.com f\u00f6rbeh\u00e5ller sig den ensidiga r\u00e4tten att \u00e4ndra villkoren f\u00f6r tillg\u00e5ng till dem, liksom deras inneh\u00e5ll.<\/span><\/p>\n<p><span>KLAUSULERNAS OGILTIGHET OCH VERKNINGSL\u00d6SHET<\/span><\/p>\n<p><span>Om n\u00e5gon best\u00e4mmelse i dessa villkor helt eller delvis f\u00f6rklaras ogiltig eller verkningsl\u00f6s, ska ogiltigheten endast p\u00e5verka den best\u00e4mmelsen eller den del av den som \u00e4r ogiltig eller verkningsl\u00f6s, och villkoren ska i \u00f6vrigt forts\u00e4tta att g\u00e4lla fullt ut.<\/span><\/p>\n<p><span>TILL\u00c4MPLIG LAG OCH JURISDIKTION<\/span><\/p>\n<p><span>Tillhandah\u00e5llandet av tj\u00e4nsten lasencinasproperties.com och de nuvarande anv\u00e4ndarvillkoren regleras av spansk lag.<\/span><\/p>\n<p><span>Alla tvister som r\u00f6r de tj\u00e4nster som tillhandah\u00e5lls via lasencinasproperties.com kommer att l\u00f6sas genom de konsumentskiljedomstolar, medlare eller liknande som lasencinasproperties.com \u00e4r ansluten till vid tidpunkten f\u00f6r tvisten, samt motsvarande domstolar och tribunaler i enlighet med spansk lagstiftning.<\/span><\/p>\n","protected":false},"excerpt":{"rendered":"<p>Juridiskt meddelande IDENTIFIERINGSDATA \u00c4garen av webbplatsen lasencinasproperties.com uppger f\u00f6ljande skatte- och identifieringsuppgifter, s\u00e5som \u00e4garen, La Moraleja Home S.L., med CIF: B13942339, och registrerat kontor bel\u00e4get p\u00e5 Calle de la Estafeta 2, portal 3, 28109 Alcobendas (Madrid), vars e-postadress \u00e4r info@lasencinasproperties.com. TYP AV TJ\u00c4NSTER Tillg\u00e5ng till lasencinasproperties.com \u00e4r i princip kostnadsfri, utan att det p\u00e5verkar det&#8230;<\/p>\n","protected":false},"author":1,"featured_media":0,"parent":0,"menu_order":0,"comment_status":"closed","ping_status":"closed","template":"","meta":{"_acf_changed":false,"footnotes":""},"class_list":["post-3943","page","type-page","status-publish","hentry"],"acf":[],"yoast_head":"<!-- This site is optimized with the Yoast SEO plugin v26.9 - https:\/\/yoast.com\/product\/yoast-seo-wordpress\/ -->\n<title>Juridiskt meddelande | Las Encinas Properties<\/title>\n<meta name=\"robots\" content=\"index, follow, max-snippet:-1, max-image-preview:large, max-video-preview:-1\" \/>\n<link rel=\"canonical\" href=\"https:\/\/lasencinasproperties.com\/sv\/juridiskt-meddelande\/\" \/>\n<meta property=\"og:locale\" content=\"sv_SE\" \/>\n<meta property=\"og:type\" content=\"article\" \/>\n<meta property=\"og:title\" content=\"Juridiskt meddelande | Las Encinas Properties\" \/>\n<meta property=\"og:description\" content=\"Juridiskt meddelande IDENTIFIERINGSDATA \u00c4garen av webbplatsen lasencinasproperties.com uppger f\u00f6ljande skatte- och identifieringsuppgifter, s\u00e5som \u00e4garen, La Moraleja Home S.L., med CIF: B13942339, och registrerat kontor bel\u00e4get p\u00e5 Calle de la Estafeta 2, portal 3, 28109 Alcobendas (Madrid), vars e-postadress \u00e4r info@lasencinasproperties.com. TYP AV TJ\u00c4NSTER Tillg\u00e5ng till lasencinasproperties.com \u00e4r i princip kostnadsfri, utan att det p\u00e5verkar det...\" \/>\n<meta property=\"og:url\" content=\"https:\/\/lasencinasproperties.com\/sv\/juridiskt-meddelande\/\" \/>\n<meta property=\"og:site_name\" content=\"Las Encinas Properties\" \/>\n<meta property=\"article:modified_time\" content=\"2025-06-04T13:33:00+00:00\" \/>\n<meta name=\"twitter:card\" content=\"summary_large_image\" \/>\n<meta name=\"twitter:label1\" content=\"Ber\u00e4knad l\u00e4stid\" \/>\n\t<meta name=\"twitter:data1\" content=\"4 minuter\" \/>\n<script type=\"application\/ld+json\" class=\"yoast-schema-graph\">{\"@context\":\"https:\/\/schema.org\",\"@graph\":[{\"@type\":\"WebPage\",\"@id\":\"https:\/\/lasencinasproperties.com\/sv\/juridiskt-meddelande\/\",\"url\":\"https:\/\/lasencinasproperties.com\/sv\/juridiskt-meddelande\/\",\"name\":\"Juridiskt meddelande | Las Encinas Properties\",\"isPartOf\":{\"@id\":\"https:\/\/lasencinasproperties.com\/sv\/#website\"},\"datePublished\":\"2025-03-27T13:50:16+00:00\",\"dateModified\":\"2025-06-04T13:33:00+00:00\",\"breadcrumb\":{\"@id\":\"https:\/\/lasencinasproperties.com\/sv\/juridiskt-meddelande\/#breadcrumb\"},\"inLanguage\":\"sv-SE\",\"potentialAction\":[{\"@type\":\"ReadAction\",\"target\":[\"https:\/\/lasencinasproperties.com\/sv\/juridiskt-meddelande\/\"]}]},{\"@type\":\"BreadcrumbList\",\"@id\":\"https:\/\/lasencinasproperties.com\/sv\/juridiskt-meddelande\/#breadcrumb\",\"itemListElement\":[{\"@type\":\"ListItem\",\"position\":1,\"name\":\"Portada\",\"item\":\"https:\/\/lasencinasproperties.com\/sv\/\"},{\"@type\":\"ListItem\",\"position\":2,\"name\":\"Juridiskt meddelande\"}]},{\"@type\":\"WebSite\",\"@id\":\"https:\/\/lasencinasproperties.com\/sv\/#website\",\"url\":\"https:\/\/lasencinasproperties.com\/sv\/\",\"name\":\"Las Encinas Properties\",\"description\":\"Tu Inmobiliaria en la zona Norte de Madrid\",\"publisher\":{\"@id\":\"https:\/\/lasencinasproperties.com\/sv\/#organization\"},\"potentialAction\":[{\"@type\":\"SearchAction\",\"target\":{\"@type\":\"EntryPoint\",\"urlTemplate\":\"https:\/\/lasencinasproperties.com\/sv\/?s={search_term_string}\"},\"query-input\":{\"@type\":\"PropertyValueSpecification\",\"valueRequired\":true,\"valueName\":\"search_term_string\"}}],\"inLanguage\":\"sv-SE\"},{\"@type\":\"Organization\",\"@id\":\"https:\/\/lasencinasproperties.com\/sv\/#organization\",\"name\":\"Las Encinas Properties\",\"url\":\"https:\/\/lasencinasproperties.com\/sv\/\",\"logo\":{\"@type\":\"ImageObject\",\"inLanguage\":\"sv-SE\",\"@id\":\"https:\/\/lasencinasproperties.com\/sv\/#\/schema\/logo\/image\/\",\"url\":\"https:\/\/lasencinasproperties.com\/wp-content\/uploads\/2020\/07\/2.avif\",\"contentUrl\":\"https:\/\/lasencinasproperties.com\/wp-content\/uploads\/2020\/07\/2.avif\",\"width\":240,\"height\":51,\"caption\":\"Las Encinas Properties\"},\"image\":{\"@id\":\"https:\/\/lasencinasproperties.com\/sv\/#\/schema\/logo\/image\/\"}}]}<\/script>\n<!-- \/ Yoast SEO plugin. -->","yoast_head_json":{"title":"Juridiskt meddelande | Las Encinas Properties","robots":{"index":"index","follow":"follow","max-snippet":"max-snippet:-1","max-image-preview":"max-image-preview:large","max-video-preview":"max-video-preview:-1"},"canonical":"https:\/\/lasencinasproperties.com\/sv\/juridiskt-meddelande\/","og_locale":"sv_SE","og_type":"article","og_title":"Juridiskt meddelande | Las Encinas Properties","og_description":"Juridiskt meddelande IDENTIFIERINGSDATA \u00c4garen av webbplatsen lasencinasproperties.com uppger f\u00f6ljande skatte- och identifieringsuppgifter, s\u00e5som \u00e4garen, La Moraleja Home S.L., med CIF: B13942339, och registrerat kontor bel\u00e4get p\u00e5 Calle de la Estafeta 2, portal 3, 28109 Alcobendas (Madrid), vars e-postadress \u00e4r info@lasencinasproperties.com. TYP AV TJ\u00c4NSTER Tillg\u00e5ng till lasencinasproperties.com \u00e4r i princip kostnadsfri, utan att det p\u00e5verkar det...","og_url":"https:\/\/lasencinasproperties.com\/sv\/juridiskt-meddelande\/","og_site_name":"Las Encinas Properties","article_modified_time":"2025-06-04T13:33:00+00:00","twitter_card":"summary_large_image","twitter_misc":{"Ber\u00e4knad l\u00e4stid":"4 minuter"},"schema":{"@context":"https:\/\/schema.org","@graph":[{"@type":"WebPage","@id":"https:\/\/lasencinasproperties.com\/sv\/juridiskt-meddelande\/","url":"https:\/\/lasencinasproperties.com\/sv\/juridiskt-meddelande\/","name":"Juridiskt meddelande | Las Encinas Properties","isPartOf":{"@id":"https:\/\/lasencinasproperties.com\/sv\/#website"},"datePublished":"2025-03-27T13:50:16+00:00","dateModified":"2025-06-04T13:33:00+00:00","breadcrumb":{"@id":"https:\/\/lasencinasproperties.com\/sv\/juridiskt-meddelande\/#breadcrumb"},"inLanguage":"sv-SE","potentialAction":[{"@type":"ReadAction","target":["https:\/\/lasencinasproperties.com\/sv\/juridiskt-meddelande\/"]}]},{"@type":"BreadcrumbList","@id":"https:\/\/lasencinasproperties.com\/sv\/juridiskt-meddelande\/#breadcrumb","itemListElement":[{"@type":"ListItem","position":1,"name":"Portada","item":"https:\/\/lasencinasproperties.com\/sv\/"},{"@type":"ListItem","position":2,"name":"Juridiskt meddelande"}]},{"@type":"WebSite","@id":"https:\/\/lasencinasproperties.com\/sv\/#website","url":"https:\/\/lasencinasproperties.com\/sv\/","name":"Las Encinas Properties","description":"Tu Inmobiliaria en la zona Norte de Madrid","publisher":{"@id":"https:\/\/lasencinasproperties.com\/sv\/#organization"},"potentialAction":[{"@type":"SearchAction","target":{"@type":"EntryPoint","urlTemplate":"https:\/\/lasencinasproperties.com\/sv\/?s={search_term_string}"},"query-input":{"@type":"PropertyValueSpecification","valueRequired":true,"valueName":"search_term_string"}}],"inLanguage":"sv-SE"},{"@type":"Organization","@id":"https:\/\/lasencinasproperties.com\/sv\/#organization","name":"Las Encinas Properties","url":"https:\/\/lasencinasproperties.com\/sv\/","logo":{"@type":"ImageObject","inLanguage":"sv-SE","@id":"https:\/\/lasencinasproperties.com\/sv\/#\/schema\/logo\/image\/","url":"https:\/\/lasencinasproperties.com\/wp-content\/uploads\/2020\/07\/2.avif","contentUrl":"https:\/\/lasencinasproperties.com\/wp-content\/uploads\/2020\/07\/2.avif","width":240,"height":51,"caption":"Las Encinas Properties"},"image":{"@id":"https:\/\/lasencinasproperties.com\/sv\/#\/schema\/logo\/image\/"}}]}},"_links":{"self":[{"href":"https:\/\/lasencinasproperties.com\/sv\/wp-json\/wp\/v2\/pages\/3943","targetHints":{"allow":["GET"]}}],"collection":[{"href":"https:\/\/lasencinasproperties.com\/sv\/wp-json\/wp\/v2\/pages"}],"about":[{"href":"https:\/\/lasencinasproperties.com\/sv\/wp-json\/wp\/v2\/types\/page"}],"author":[{"embeddable":true,"href":"https:\/\/lasencinasproperties.com\/sv\/wp-json\/wp\/v2\/users\/1"}],"replies":[{"embeddable":true,"href":"https:\/\/lasencinasproperties.com\/sv\/wp-json\/wp\/v2\/comments?post=3943"}],"version-history":[{"count":1,"href":"https:\/\/lasencinasproperties.com\/sv\/wp-json\/wp\/v2\/pages\/3943\/revisions"}],"predecessor-version":[{"id":5377,"href":"https:\/\/lasencinasproperties.com\/sv\/wp-json\/wp\/v2\/pages\/3943\/revisions\/5377"}],"wp:attachment":[{"href":"https:\/\/lasencinasproperties.com\/sv\/wp-json\/wp\/v2\/media?parent=3943"}],"curies":[{"name":"wp","href":"https:\/\/api.w.org\/{rel}","templated":true}]}}