{"id":3947,"date":"2025-03-27T13:51:38","date_gmt":"2025-03-27T13:51:38","guid":{"rendered":"https:\/\/lasencinasproperties.com\/integritetspolicy\/"},"modified":"2025-03-27T13:51:38","modified_gmt":"2025-03-27T13:51:38","slug":"integritetspolicy","status":"publish","type":"page","link":"https:\/\/lasencinasproperties.com\/sv\/integritetspolicy\/","title":{"rendered":"Integritetspolicy"},"content":{"rendered":"<h1 data-pm-slice=\"1 1 []\"><span>POLICY F\u00d6R SKYDD AV PRIVATLIVET<\/span><\/h1>\n<p><span>F\u00f6rordning (EU) 2016\/679 om skydd av personuppgifter inneb\u00e4r ett nytt f\u00f6rh\u00e5llningss\u00e4tt till kontroll och behandling av personuppgifter. Vi har reviderat och anpassat v\u00e5r integritetspolicy till de nya kraven och vill ge mer information och transparens kring behandlingen av personuppgifter. <\/span><\/p>\n<p><span>Las Encinas Properties ansvarar f\u00f6r behandlingen av sina anv\u00e4ndares och kunders personuppgifter samt f\u00f6r de uppgifter som kan samlas in via webbplatsen. Las Encinas Properties informerar anv\u00e4ndare av webbplatsen om sin policy avseende behandling och skydd av anv\u00e4ndares och kunders personuppgifter som kan samlas in genom att surfa eller avtala om tj\u00e4nster via webbplatsen. <\/span><\/p>\n<p><span>SYFTET MED DATABEHANDLINGEN<\/span><\/p>\n<p><span>Dina personuppgifter samlas in i syfte att tillhandah\u00e5lla och uppr\u00e4tth\u00e5lla avtalsenliga tj\u00e4nster, samt f\u00f6r att informera dig om nya produkter och tj\u00e4nster.<\/span><\/p>\n<p><span>Behandlingen av de uppgifter som du f\u00f6rser oss med genom formul\u00e4ren p\u00e5 webbplatsen lasencinasproperties.com kommer att styras av samma sekretesspolicy.<\/span><\/p>\n<p><span>\u00c5tg\u00e4rder, hantering och tekniska f\u00f6rfaranden som utf\u00f6rs p\u00e5 ett automatiserat eller icke-automatiserat s\u00e4tt och som m\u00f6jligg\u00f6r insamling, lagring, \u00e4ndring, \u00f6verf\u00f6ring och andra \u00e5tg\u00e4rder avseende personuppgifter anses vara behandling av personuppgifter.<\/span><\/p>\n<p><span>Las Encinas Properties kommer att behandla personuppgifter p\u00e5 ett lagligt, lojalt, transparent, adekvat, relevant, begr\u00e4nsat, exakt och aktuellt s\u00e4tt.<\/span><\/p>\n<p><span>UPPGIFTER SOM SAMLAS IN F\u00d6R TILLHANDAH\u00c5LLANDE AV EN TJ\u00c4NST<\/span><\/p>\n<p><span>De personuppgifter som du f\u00f6rser oss med f\u00f6r tillhandah\u00e5llande av en tj\u00e4nst ska vara det minimum som kr\u00e4vs f\u00f6r att kunna uppr\u00e4tta avtalet, samt f\u00f6r att kunna erbjuda dig de tj\u00e4nster du best\u00e4llt och f\u00f6r att uppfylla r\u00e4ttsliga skyldigheter.<\/span><\/p>\n<p><span>Uppgifterna kommer att sparas under de perioder som fastst\u00e4lls i lag.<\/span><\/p>\n<p><span>UPPGIFTER SOM SAMLAS IN F\u00d6R BEG\u00c4RAN OM INFORMATION VIA WEBBFORMUL\u00c4RET<\/span><\/p>\n<p><span>De personuppgifter som samlas in via webbformul\u00e4ret f\u00f6r beg\u00e4ran om information \u00e4r avsedda att anv\u00e4ndas f\u00f6r att skicka kommersiell information om v\u00e5ra produkter och tj\u00e4nster. Behandlingen av uppgifterna i detta fall legitimeras av det uttryckliga samtycke som du ger oss genom att acceptera att skicka den information som tillhandah\u00e5lls via formul\u00e4ret. <\/span><\/p>\n<p><span>UT\u00d6VANDE AV R\u00c4TTIGHETER<\/span><\/p>\n<p><span>I enlighet med de r\u00e4ttigheter som f\u00f6ljer av f\u00f6rordning (EU) 2016\/679 om skydd av personuppgifter kan du ut\u00f6va dina r\u00e4ttigheter till tillg\u00e5ng, r\u00e4ttelse, begr\u00e4nsning av behandling, radering, portabilitet och inv\u00e4ndning mot behandling av dina uppgifter genom att skicka din beg\u00e4ran till den angivna postadressen eller till f\u00f6ljande e-postadress <\/span><span><a>info@lasencinasproperties.com<\/a><\/span><span>.<\/span><\/p>\n<p><span>F\u00f6r att kunna ut\u00f6va dina r\u00e4ttigheter m\u00e5ste du identifiera dig genom att visa upp ditt ID-kort.<\/span><\/p>\n<p><span>M\u00c5L<\/span><\/p>\n<p><span>Las Encinas Properties informerar anv\u00e4ndarna om att deras personuppgifter inte kommer att l\u00e4mnas ut till tredje part, utom n\u00e4r detta omfattas av en r\u00e4ttslig skyldighet eller n\u00e4r tillhandah\u00e5llandet av en tj\u00e4nst inneb\u00e4r att det kr\u00e4vs ett avtalsf\u00f6rh\u00e5llande med en personuppgiftsbitr\u00e4de. I det senare fallet kan mottagarna av dina uppgifter vara koncernbolag, solvensbolag (vid utebliven betalning, som meddelas med hj\u00e4lp av de f\u00f6rfaranden och garantier som fastst\u00e4lls i g\u00e4llande best\u00e4mmelser) samt vissa databehandlare som \u00e4r n\u00f6dv\u00e4ndiga f\u00f6r att tillhandah\u00e5lla tj\u00e4nsterna p\u00e5 ett korrekt s\u00e4tt. <\/span><\/p>\n<p><span>Las Encinas Properties till\u00e4mpar strikta kriterier f\u00f6r val av personuppgiftsbitr\u00e4den och f\u00f6rbinder sig genom avtal med varje personuppgiftsbitr\u00e4de att uppfylla och genomdriva uppfyllandet av de skyldigheter som fastst\u00e4llts inom omr\u00e5det f\u00f6r dataskydd.<\/span><\/p>\n<p><span>VARIATION AV DATA<\/span><\/p>\n<p><span>Om inte annat meddelas oss kommer vi att utg\u00e5 fr\u00e5n att uppgifterna inte har \u00e4ndrats och att du \u00e5tar dig att meddela oss om eventuella \u00e4ndringar.<\/span><\/p>\n<p><span>F\u00f6r eventuella klagom\u00e5l kan du kontakta info<\/span><span><a>@lasencinasproperties.com<\/a><\/span><span>. P\u00e5 samma s\u00e4tt kan du kontakta den spanska dataskyddsmyndigheten p\u00e5  <\/span><span><a>www.agpd.es<\/a><\/span><span>.<\/span><\/p>\n<p>&nbsp;<\/p>\n","protected":false},"excerpt":{"rendered":"<p>POLICY F\u00d6R SKYDD AV PRIVATLIVET F\u00f6rordning (EU) 2016\/679 om skydd av personuppgifter inneb\u00e4r ett nytt f\u00f6rh\u00e5llningss\u00e4tt till kontroll och behandling av personuppgifter. Vi har reviderat och anpassat v\u00e5r integritetspolicy till de nya kraven och vill ge mer information och transparens kring behandlingen av personuppgifter. Las Encinas Properties ansvarar f\u00f6r behandlingen av sina anv\u00e4ndares och kunders&#8230;<\/p>\n","protected":false},"author":1,"featured_media":0,"parent":0,"menu_order":0,"comment_status":"closed","ping_status":"closed","template":"","meta":{"_acf_changed":false,"footnotes":""},"class_list":["post-3947","page","type-page","status-publish","hentry"],"acf":[],"yoast_head":"<!-- This site is optimized with the Yoast SEO plugin v26.9 - https:\/\/yoast.com\/product\/yoast-seo-wordpress\/ -->\n<title>Integritetspolicy | Las Encinas Properties<\/title>\n<meta name=\"robots\" content=\"index, follow, max-snippet:-1, max-image-preview:large, max-video-preview:-1\" \/>\n<link rel=\"canonical\" href=\"https:\/\/lasencinasproperties.com\/sv\/integritetspolicy\/\" \/>\n<meta property=\"og:locale\" content=\"sv_SE\" \/>\n<meta property=\"og:type\" content=\"article\" \/>\n<meta property=\"og:title\" content=\"Integritetspolicy | Las Encinas Properties\" \/>\n<meta property=\"og:description\" content=\"POLICY F\u00d6R SKYDD AV PRIVATLIVET F\u00f6rordning (EU) 2016\/679 om skydd av personuppgifter inneb\u00e4r ett nytt f\u00f6rh\u00e5llningss\u00e4tt till kontroll och behandling av personuppgifter. Vi har reviderat och anpassat v\u00e5r integritetspolicy till de nya kraven och vill ge mer information och transparens kring behandlingen av personuppgifter. Las Encinas Properties ansvarar f\u00f6r behandlingen av sina anv\u00e4ndares och kunders...\" \/>\n<meta property=\"og:url\" content=\"https:\/\/lasencinasproperties.com\/sv\/integritetspolicy\/\" \/>\n<meta property=\"og:site_name\" content=\"Las Encinas Properties\" \/>\n<meta name=\"twitter:card\" content=\"summary_large_image\" \/>\n<meta name=\"twitter:label1\" content=\"Ber\u00e4knad l\u00e4stid\" \/>\n\t<meta name=\"twitter:data1\" content=\"3 minuter\" \/>\n<script type=\"application\/ld+json\" class=\"yoast-schema-graph\">{\"@context\":\"https:\/\/schema.org\",\"@graph\":[{\"@type\":\"WebPage\",\"@id\":\"https:\/\/lasencinasproperties.com\/sv\/integritetspolicy\/\",\"url\":\"https:\/\/lasencinasproperties.com\/sv\/integritetspolicy\/\",\"name\":\"Integritetspolicy | Las Encinas Properties\",\"isPartOf\":{\"@id\":\"https:\/\/lasencinasproperties.com\/sv\/#website\"},\"datePublished\":\"2025-03-27T13:51:38+00:00\",\"breadcrumb\":{\"@id\":\"https:\/\/lasencinasproperties.com\/sv\/integritetspolicy\/#breadcrumb\"},\"inLanguage\":\"sv-SE\",\"potentialAction\":[{\"@type\":\"ReadAction\",\"target\":[\"https:\/\/lasencinasproperties.com\/sv\/integritetspolicy\/\"]}]},{\"@type\":\"BreadcrumbList\",\"@id\":\"https:\/\/lasencinasproperties.com\/sv\/integritetspolicy\/#breadcrumb\",\"itemListElement\":[{\"@type\":\"ListItem\",\"position\":1,\"name\":\"Portada\",\"item\":\"https:\/\/lasencinasproperties.com\/sv\/\"},{\"@type\":\"ListItem\",\"position\":2,\"name\":\"Integritetspolicy\"}]},{\"@type\":\"WebSite\",\"@id\":\"https:\/\/lasencinasproperties.com\/sv\/#website\",\"url\":\"https:\/\/lasencinasproperties.com\/sv\/\",\"name\":\"Las Encinas Properties\",\"description\":\"Tu Inmobiliaria en la zona Norte de Madrid\",\"publisher\":{\"@id\":\"https:\/\/lasencinasproperties.com\/sv\/#organization\"},\"potentialAction\":[{\"@type\":\"SearchAction\",\"target\":{\"@type\":\"EntryPoint\",\"urlTemplate\":\"https:\/\/lasencinasproperties.com\/sv\/?s={search_term_string}\"},\"query-input\":{\"@type\":\"PropertyValueSpecification\",\"valueRequired\":true,\"valueName\":\"search_term_string\"}}],\"inLanguage\":\"sv-SE\"},{\"@type\":\"Organization\",\"@id\":\"https:\/\/lasencinasproperties.com\/sv\/#organization\",\"name\":\"Las Encinas Properties\",\"url\":\"https:\/\/lasencinasproperties.com\/sv\/\",\"logo\":{\"@type\":\"ImageObject\",\"inLanguage\":\"sv-SE\",\"@id\":\"https:\/\/lasencinasproperties.com\/sv\/#\/schema\/logo\/image\/\",\"url\":\"https:\/\/lasencinasproperties.com\/wp-content\/uploads\/2020\/07\/2.avif\",\"contentUrl\":\"https:\/\/lasencinasproperties.com\/wp-content\/uploads\/2020\/07\/2.avif\",\"width\":240,\"height\":51,\"caption\":\"Las Encinas Properties\"},\"image\":{\"@id\":\"https:\/\/lasencinasproperties.com\/sv\/#\/schema\/logo\/image\/\"}}]}<\/script>\n<!-- \/ Yoast SEO plugin. -->","yoast_head_json":{"title":"Integritetspolicy | Las Encinas Properties","robots":{"index":"index","follow":"follow","max-snippet":"max-snippet:-1","max-image-preview":"max-image-preview:large","max-video-preview":"max-video-preview:-1"},"canonical":"https:\/\/lasencinasproperties.com\/sv\/integritetspolicy\/","og_locale":"sv_SE","og_type":"article","og_title":"Integritetspolicy | Las Encinas Properties","og_description":"POLICY F\u00d6R SKYDD AV PRIVATLIVET F\u00f6rordning (EU) 2016\/679 om skydd av personuppgifter inneb\u00e4r ett nytt f\u00f6rh\u00e5llningss\u00e4tt till kontroll och behandling av personuppgifter. Vi har reviderat och anpassat v\u00e5r integritetspolicy till de nya kraven och vill ge mer information och transparens kring behandlingen av personuppgifter. Las Encinas Properties ansvarar f\u00f6r behandlingen av sina anv\u00e4ndares och kunders...","og_url":"https:\/\/lasencinasproperties.com\/sv\/integritetspolicy\/","og_site_name":"Las Encinas Properties","twitter_card":"summary_large_image","twitter_misc":{"Ber\u00e4knad l\u00e4stid":"3 minuter"},"schema":{"@context":"https:\/\/schema.org","@graph":[{"@type":"WebPage","@id":"https:\/\/lasencinasproperties.com\/sv\/integritetspolicy\/","url":"https:\/\/lasencinasproperties.com\/sv\/integritetspolicy\/","name":"Integritetspolicy | Las Encinas Properties","isPartOf":{"@id":"https:\/\/lasencinasproperties.com\/sv\/#website"},"datePublished":"2025-03-27T13:51:38+00:00","breadcrumb":{"@id":"https:\/\/lasencinasproperties.com\/sv\/integritetspolicy\/#breadcrumb"},"inLanguage":"sv-SE","potentialAction":[{"@type":"ReadAction","target":["https:\/\/lasencinasproperties.com\/sv\/integritetspolicy\/"]}]},{"@type":"BreadcrumbList","@id":"https:\/\/lasencinasproperties.com\/sv\/integritetspolicy\/#breadcrumb","itemListElement":[{"@type":"ListItem","position":1,"name":"Portada","item":"https:\/\/lasencinasproperties.com\/sv\/"},{"@type":"ListItem","position":2,"name":"Integritetspolicy"}]},{"@type":"WebSite","@id":"https:\/\/lasencinasproperties.com\/sv\/#website","url":"https:\/\/lasencinasproperties.com\/sv\/","name":"Las Encinas Properties","description":"Tu Inmobiliaria en la zona Norte de Madrid","publisher":{"@id":"https:\/\/lasencinasproperties.com\/sv\/#organization"},"potentialAction":[{"@type":"SearchAction","target":{"@type":"EntryPoint","urlTemplate":"https:\/\/lasencinasproperties.com\/sv\/?s={search_term_string}"},"query-input":{"@type":"PropertyValueSpecification","valueRequired":true,"valueName":"search_term_string"}}],"inLanguage":"sv-SE"},{"@type":"Organization","@id":"https:\/\/lasencinasproperties.com\/sv\/#organization","name":"Las Encinas Properties","url":"https:\/\/lasencinasproperties.com\/sv\/","logo":{"@type":"ImageObject","inLanguage":"sv-SE","@id":"https:\/\/lasencinasproperties.com\/sv\/#\/schema\/logo\/image\/","url":"https:\/\/lasencinasproperties.com\/wp-content\/uploads\/2020\/07\/2.avif","contentUrl":"https:\/\/lasencinasproperties.com\/wp-content\/uploads\/2020\/07\/2.avif","width":240,"height":51,"caption":"Las Encinas Properties"},"image":{"@id":"https:\/\/lasencinasproperties.com\/sv\/#\/schema\/logo\/image\/"}}]}},"_links":{"self":[{"href":"https:\/\/lasencinasproperties.com\/sv\/wp-json\/wp\/v2\/pages\/3947","targetHints":{"allow":["GET"]}}],"collection":[{"href":"https:\/\/lasencinasproperties.com\/sv\/wp-json\/wp\/v2\/pages"}],"about":[{"href":"https:\/\/lasencinasproperties.com\/sv\/wp-json\/wp\/v2\/types\/page"}],"author":[{"embeddable":true,"href":"https:\/\/lasencinasproperties.com\/sv\/wp-json\/wp\/v2\/users\/1"}],"replies":[{"embeddable":true,"href":"https:\/\/lasencinasproperties.com\/sv\/wp-json\/wp\/v2\/comments?post=3947"}],"version-history":[{"count":0,"href":"https:\/\/lasencinasproperties.com\/sv\/wp-json\/wp\/v2\/pages\/3947\/revisions"}],"wp:attachment":[{"href":"https:\/\/lasencinasproperties.com\/sv\/wp-json\/wp\/v2\/media?parent=3947"}],"curies":[{"name":"wp","href":"https:\/\/api.w.org\/{rel}","templated":true}]}}