{"id":3989,"date":"2025-03-19T14:27:45","date_gmt":"2025-03-19T14:27:45","guid":{"rendered":"https:\/\/lasencinasproperties.com\/vi\/"},"modified":"2025-05-08T09:25:57","modified_gmt":"2025-05-08T09:25:57","slug":"vi","status":"publish","type":"page","link":"https:\/\/lasencinasproperties.com\/sv\/vi\/","title":{"rendered":"Vi"},"content":{"rendered":"<section class=\"l-section wpb_row height_medium\"><div class=\"l-section-h i-cf\"><div class=\"g-cols vc_row via_grid cols_1 laptops-cols_inherit tablets-cols_inherit mobiles-cols_1 valign_top type_default stacking_default\"><div class=\"wpb_column vc_column_container\"><div class=\"vc_column-inner\"><h1 class=\"w-post-elm post_title us_custom_f4aeb7a8 entry-title color_link_inherit\">Vi<\/h1><div class=\"wpb_text_column\"><div class=\"wpb_wrapper\"><p>Vid<span> <\/span><strong>Las Encinas Properties<\/strong>, g\u00f6r vi din jakt p\u00e5 ditt idealiska hem till en fantastisk upplevelse.<span> <\/span><strong>La Moraleja och norra delen av Madrid<\/strong><span> <\/span>i en exklusiv och problemfri upplevelse. Med ett team av experter med djup erfarenhet inom sektorn och en privilegierad kunskap om omr\u00e5det erbjuder vi dig ett urval av fastigheter i f\u00f6ljande omr\u00e5den <span> <\/span><strong>lyx till salu och f\u00f6r uthyrning<\/strong>, samt personliga tj\u00e4nster f\u00f6r<span> <\/span><strong>omlokalisering<\/strong><span> <\/span>och hantering av fastighetsf\u00f6rs\u00e4ljning. V\u00e5rt \u00e5tagande \u00e4r att ge dig \u00e4rliga, diskreta och skr\u00e4ddarsydda r\u00e5d och se till att varje detalj i din nya fas \u00f6vertr\u00e4ffar dina f\u00f6rv\u00e4ntningar. <span> <\/span><strong>Uppt\u00e4ck en exceptionell livsstil med oss.<\/strong><\/p>\n<\/div><\/div><div class=\"g-cols wpb_row us_custom_f5465fbf via_grid cols_2 laptops-cols_inherit tablets-cols_inherit mobiles-cols_1 valign_middle type_default stacking_default\" style=\"--columns-gap:3rem;--laptops-columns-gap:3rem;--tablets-columns-gap:3rem;--mobiles-columns-gap:3rem;\"><div class=\"wpb_column vc_column_container\"><div class=\"vc_column-inner\"><div class=\"w-image style_shadow-2 align_none\"><div class=\"w-image-h\"><div class=\"w-image-shadow\" style=\"background-image:url(https:\/\/lasencinasproperties.com\/wp-content\/uploads\/2025\/03\/Cristina-Aparicio-Las-Encinas-Properties-768x1024.jpg);\"><\/div><img decoding=\"async\" width=\"768\" height=\"1024\" src=\"https:\/\/lasencinasproperties.com\/wp-content\/uploads\/2025\/03\/Cristina-Aparicio-Las-Encinas-Properties-768x1024.jpg\" class=\"attachment-large size-large\" alt=\"\" loading=\"lazy\" srcset=\"https:\/\/lasencinasproperties.com\/wp-content\/uploads\/2025\/03\/Cristina-Aparicio-Las-Encinas-Properties-768x1024.jpg 768w, https:\/\/lasencinasproperties.com\/wp-content\/uploads\/2025\/03\/Cristina-Aparicio-Las-Encinas-Properties-225x300.jpg 225w, https:\/\/lasencinasproperties.com\/wp-content\/uploads\/2025\/03\/Cristina-Aparicio-Las-Encinas-Properties.jpg 1200w\" sizes=\"auto, (max-width: 768px) 100vw, 768px\" \/><\/div><\/div><div class=\"w-text us_custom_33e8ccc0 firma has_text_color\"><span class=\"w-text-h\"><span class=\"w-text-value\">Cristina Aparicio<\/span><\/span><\/div><div class=\"w-text us_custom_9dce2681 has_text_color\"><span class=\"w-text-h\"><span class=\"w-text-value\">DIREKT\u00d6R F\u00d6R LAS ENCINAS FASTIGHETER<\/span><\/span><\/div><\/div><\/div><div class=\"wpb_column vc_column_container\"><div class=\"vc_column-inner\"><div class=\"wpb_text_column us_custom_298fa305\"><div class=\"wpb_wrapper\"><p>Efter att ha f\u00f6rvaltat familjens egendom i mer \u00e4n 20 \u00e5r och de senaste 5 \u00e5ren arbetat i flera fastighetsbyr\u00e5er i omr\u00e5det \u00e4r det med stor entusiasm som jag presenterar LAS ENCINAS PROPERTIES, en fastighetsbyr\u00e5 som skapades i syfte att tillhandah\u00e5lla en mycket personlig service i en alltmer konkurrensutsatt och ibland lite avhumaniserad sektor.<\/p>\n<p>Jag \u00e4r \u00f6vertygad om att det inte \u00e4r en fr\u00e5ga om kvantitet utan om kvalitet och det \u00e4r d\u00e4rf\u00f6r vi \u00e4r selektiva i de fastigheter som vi erbjuder, eftersom vi framf\u00f6r allt \u00e4r engagerade i att m\u00f6ta kundens behov med \u00e4rlighet och f\u00f6lja dem hela v\u00e4gen genom processen tills de uppn\u00e5r m\u00e5let att s\u00e4lja sin fastighet eller hitta dem deras nya hem.<\/p>\n<p>Vi vill g\u00e4rna j\u00e4mf\u00f6ra oss med ett &#8220;Boutique Hotel&#8221; vars filosofi \u00e4r att erbjuda en n\u00e4ra och personlig service d\u00e4r du k\u00e4nner dig som hemma.<\/p>\n<p>Jag kom till La Moraleja med mina f\u00f6r\u00e4ldrar n\u00e4r jag var liten, och jag har sett hur hela omr\u00e5det har utvecklats och vuxit. Jag ser det som ett privilegium att bo i den h\u00e4r delen av Madrid och det \u00e4r mer \u00e4n bara en plats att bo p\u00e5, f\u00f6r mig \u00e4r det en livsfilosofi som jag f\u00f6rs\u00f6ker \u00f6verf\u00f6ra till alla kunder som kommer hit f\u00f6r f\u00f6rsta g\u00e5ngen. <\/p>\n<p>V\u00e5r kundsupport \u00e4r total, fr\u00e5n b\u00f6rjan av v\u00e5r professionella relation till l\u00e5ngt efter att transaktionen har avslutats. Ett bevis p\u00e5 detta \u00e4r att m\u00e5nga av v\u00e5ra kunder har blivit mer \u00e4n bara kunder, de har blivit n\u00e4stan som en familj. <\/p>\n<p>Vi tror p\u00e5 specialisering och att man m\u00e5ste ha en djup kunskap om produkten f\u00f6r att kunna ge en bra service. Det \u00e4r d\u00e4rf\u00f6r alla medarbetare i LAS ENCINAS PROPERTIES bor i omr\u00e5det. <\/p>\n<p>Vi har \u00e4ven partners i andra delar av Madrid, d\u00e4r vi arbetar med samma filosofi.<\/p>\n<p>Om du tror att vi kan vara till hj\u00e4lp vill vi g\u00e4rna tr\u00e4ffa dig personligen.<\/p>\n<\/div><\/div><\/div><\/div><\/div><\/div><\/div><\/div><\/div><\/section>\n","protected":false},"excerpt":{"rendered":"","protected":false},"author":1,"featured_media":0,"parent":0,"menu_order":0,"comment_status":"closed","ping_status":"closed","template":"","meta":{"_acf_changed":false,"footnotes":""},"class_list":["post-3989","page","type-page","status-publish","hentry"],"acf":[],"yoast_head":"<!-- This site is optimized with the Yoast SEO plugin v26.9 - https:\/\/yoast.com\/product\/yoast-seo-wordpress\/ -->\n<title>Vi | Las Encinas Properties<\/title>\n<meta name=\"robots\" content=\"index, follow, max-snippet:-1, max-image-preview:large, max-video-preview:-1\" \/>\n<link rel=\"canonical\" href=\"https:\/\/lasencinasproperties.com\/sv\/vi\/\" \/>\n<meta property=\"og:locale\" content=\"sv_SE\" \/>\n<meta property=\"og:type\" content=\"article\" \/>\n<meta property=\"og:title\" content=\"Vi | Las Encinas Properties\" \/>\n<meta property=\"og:url\" content=\"https:\/\/lasencinasproperties.com\/sv\/vi\/\" \/>\n<meta property=\"og:site_name\" content=\"Las Encinas Properties\" \/>\n<meta property=\"article:modified_time\" content=\"2025-05-08T09:25:57+00:00\" \/>\n<meta name=\"twitter:card\" content=\"summary_large_image\" \/>\n<meta name=\"twitter:label1\" content=\"Ber\u00e4knad l\u00e4stid\" \/>\n\t<meta name=\"twitter:data1\" content=\"5 minuter\" \/>\n<script type=\"application\/ld+json\" class=\"yoast-schema-graph\">{\"@context\":\"https:\/\/schema.org\",\"@graph\":[{\"@type\":\"WebPage\",\"@id\":\"https:\/\/lasencinasproperties.com\/sv\/vi\/\",\"url\":\"https:\/\/lasencinasproperties.com\/sv\/vi\/\",\"name\":\"Vi | Las Encinas Properties\",\"isPartOf\":{\"@id\":\"https:\/\/lasencinasproperties.com\/sv\/#website\"},\"datePublished\":\"2025-03-19T14:27:45+00:00\",\"dateModified\":\"2025-05-08T09:25:57+00:00\",\"breadcrumb\":{\"@id\":\"https:\/\/lasencinasproperties.com\/sv\/vi\/#breadcrumb\"},\"inLanguage\":\"sv-SE\",\"potentialAction\":[{\"@type\":\"ReadAction\",\"target\":[\"https:\/\/lasencinasproperties.com\/sv\/vi\/\"]}]},{\"@type\":\"BreadcrumbList\",\"@id\":\"https:\/\/lasencinasproperties.com\/sv\/vi\/#breadcrumb\",\"itemListElement\":[{\"@type\":\"ListItem\",\"position\":1,\"name\":\"Portada\",\"item\":\"https:\/\/lasencinasproperties.com\/sv\/\"},{\"@type\":\"ListItem\",\"position\":2,\"name\":\"Vi\"}]},{\"@type\":\"WebSite\",\"@id\":\"https:\/\/lasencinasproperties.com\/sv\/#website\",\"url\":\"https:\/\/lasencinasproperties.com\/sv\/\",\"name\":\"Las Encinas Properties\",\"description\":\"Tu Inmobiliaria en la zona Norte de Madrid\",\"publisher\":{\"@id\":\"https:\/\/lasencinasproperties.com\/sv\/#organization\"},\"potentialAction\":[{\"@type\":\"SearchAction\",\"target\":{\"@type\":\"EntryPoint\",\"urlTemplate\":\"https:\/\/lasencinasproperties.com\/sv\/?s={search_term_string}\"},\"query-input\":{\"@type\":\"PropertyValueSpecification\",\"valueRequired\":true,\"valueName\":\"search_term_string\"}}],\"inLanguage\":\"sv-SE\"},{\"@type\":\"Organization\",\"@id\":\"https:\/\/lasencinasproperties.com\/sv\/#organization\",\"name\":\"Las Encinas Properties\",\"url\":\"https:\/\/lasencinasproperties.com\/sv\/\",\"logo\":{\"@type\":\"ImageObject\",\"inLanguage\":\"sv-SE\",\"@id\":\"https:\/\/lasencinasproperties.com\/sv\/#\/schema\/logo\/image\/\",\"url\":\"https:\/\/lasencinasproperties.com\/wp-content\/uploads\/2020\/07\/2.avif\",\"contentUrl\":\"https:\/\/lasencinasproperties.com\/wp-content\/uploads\/2020\/07\/2.avif\",\"width\":240,\"height\":51,\"caption\":\"Las Encinas Properties\"},\"image\":{\"@id\":\"https:\/\/lasencinasproperties.com\/sv\/#\/schema\/logo\/image\/\"}}]}<\/script>\n<!-- \/ Yoast SEO plugin. -->","yoast_head_json":{"title":"Vi | Las Encinas Properties","robots":{"index":"index","follow":"follow","max-snippet":"max-snippet:-1","max-image-preview":"max-image-preview:large","max-video-preview":"max-video-preview:-1"},"canonical":"https:\/\/lasencinasproperties.com\/sv\/vi\/","og_locale":"sv_SE","og_type":"article","og_title":"Vi | Las Encinas Properties","og_url":"https:\/\/lasencinasproperties.com\/sv\/vi\/","og_site_name":"Las Encinas Properties","article_modified_time":"2025-05-08T09:25:57+00:00","twitter_card":"summary_large_image","twitter_misc":{"Ber\u00e4knad l\u00e4stid":"5 minuter"},"schema":{"@context":"https:\/\/schema.org","@graph":[{"@type":"WebPage","@id":"https:\/\/lasencinasproperties.com\/sv\/vi\/","url":"https:\/\/lasencinasproperties.com\/sv\/vi\/","name":"Vi | Las Encinas Properties","isPartOf":{"@id":"https:\/\/lasencinasproperties.com\/sv\/#website"},"datePublished":"2025-03-19T14:27:45+00:00","dateModified":"2025-05-08T09:25:57+00:00","breadcrumb":{"@id":"https:\/\/lasencinasproperties.com\/sv\/vi\/#breadcrumb"},"inLanguage":"sv-SE","potentialAction":[{"@type":"ReadAction","target":["https:\/\/lasencinasproperties.com\/sv\/vi\/"]}]},{"@type":"BreadcrumbList","@id":"https:\/\/lasencinasproperties.com\/sv\/vi\/#breadcrumb","itemListElement":[{"@type":"ListItem","position":1,"name":"Portada","item":"https:\/\/lasencinasproperties.com\/sv\/"},{"@type":"ListItem","position":2,"name":"Vi"}]},{"@type":"WebSite","@id":"https:\/\/lasencinasproperties.com\/sv\/#website","url":"https:\/\/lasencinasproperties.com\/sv\/","name":"Las Encinas Properties","description":"Tu Inmobiliaria en la zona Norte de Madrid","publisher":{"@id":"https:\/\/lasencinasproperties.com\/sv\/#organization"},"potentialAction":[{"@type":"SearchAction","target":{"@type":"EntryPoint","urlTemplate":"https:\/\/lasencinasproperties.com\/sv\/?s={search_term_string}"},"query-input":{"@type":"PropertyValueSpecification","valueRequired":true,"valueName":"search_term_string"}}],"inLanguage":"sv-SE"},{"@type":"Organization","@id":"https:\/\/lasencinasproperties.com\/sv\/#organization","name":"Las Encinas Properties","url":"https:\/\/lasencinasproperties.com\/sv\/","logo":{"@type":"ImageObject","inLanguage":"sv-SE","@id":"https:\/\/lasencinasproperties.com\/sv\/#\/schema\/logo\/image\/","url":"https:\/\/lasencinasproperties.com\/wp-content\/uploads\/2020\/07\/2.avif","contentUrl":"https:\/\/lasencinasproperties.com\/wp-content\/uploads\/2020\/07\/2.avif","width":240,"height":51,"caption":"Las Encinas Properties"},"image":{"@id":"https:\/\/lasencinasproperties.com\/sv\/#\/schema\/logo\/image\/"}}]}},"_links":{"self":[{"href":"https:\/\/lasencinasproperties.com\/sv\/wp-json\/wp\/v2\/pages\/3989","targetHints":{"allow":["GET"]}}],"collection":[{"href":"https:\/\/lasencinasproperties.com\/sv\/wp-json\/wp\/v2\/pages"}],"about":[{"href":"https:\/\/lasencinasproperties.com\/sv\/wp-json\/wp\/v2\/types\/page"}],"author":[{"embeddable":true,"href":"https:\/\/lasencinasproperties.com\/sv\/wp-json\/wp\/v2\/users\/1"}],"replies":[{"embeddable":true,"href":"https:\/\/lasencinasproperties.com\/sv\/wp-json\/wp\/v2\/comments?post=3989"}],"version-history":[{"count":1,"href":"https:\/\/lasencinasproperties.com\/sv\/wp-json\/wp\/v2\/pages\/3989\/revisions"}],"predecessor-version":[{"id":3993,"href":"https:\/\/lasencinasproperties.com\/sv\/wp-json\/wp\/v2\/pages\/3989\/revisions\/3993"}],"wp:attachment":[{"href":"https:\/\/lasencinasproperties.com\/sv\/wp-json\/wp\/v2\/media?parent=3989"}],"curies":[{"name":"wp","href":"https:\/\/api.w.org\/{rel}","templated":true}]}}