{"id":3995,"date":"2025-03-31T11:32:19","date_gmt":"2025-03-31T11:32:19","guid":{"rendered":"https:\/\/lasencinasproperties.com\/valdebebas\/"},"modified":"2025-05-08T09:29:40","modified_gmt":"2025-05-08T09:29:40","slug":"valdebebas","status":"publish","type":"page","link":"https:\/\/lasencinasproperties.com\/sv\/kop\/valdebebas\/","title":{"rendered":"Valdebebas"},"content":{"rendered":"<section class=\"l-section wpb_row height_medium\"><div class=\"l-section-h i-cf\"><div class=\"g-cols vc_row via_grid cols_1 laptops-cols_inherit tablets-cols_inherit mobiles-cols_1 valign_top type_default stacking_default\"><div class=\"wpb_column vc_column_container\"><div class=\"vc_column-inner\"><nav class=\"g-breadcrumbs us_custom_18eea1bd separator_icon align_none\" itemscope itemtype=\"http:\/\/schema.org\/BreadcrumbList\"><div class=\"g-breadcrumbs-item\" itemscope itemprop=\"itemListElement\" itemtype=\"http:\/\/schema.org\/ListItem\"><a itemprop=\"item\" href=\"https:\/\/lasencinasproperties.com\/sv\/\"><span itemprop=\"name\">Hem<\/span><\/a><meta itemprop=\"position\" content=\"1\"\/><\/div><div class=\"g-breadcrumbs-separator\"><i class=\"far fa-angle-right\"><\/i><\/div><div class=\"g-breadcrumbs-item\">Sidor<\/div><\/nav><div class=\"w-separator size_small\"><\/div><h2 class=\"w-post-elm post_title entry-title color_link_inherit\">Valdebebas<\/h2><form class=\"w-filter for_list state_desktop us-field-style_1 layout_hor items_3 mod_dropdown align_none drop_on_hover change_url_params\" action style=\"--items-gap:1.5em;\" onsubmit=\"return false;\" onclick='return {&quot;mobileWidth&quot;:600}'><div class=\"w-filter-list\"><div class=\"w-filter-list-title\">Filtrera egenskaper<\/div><button class=\"w-filter-list-closer\" title=\"St\u00e4ng\" aria=label=\"St\u00e4ng\"><\/button><div class=\"w-filter-item number_1 type_range_slider\" data-name=\"precio\" data-value-compare=\"between\"><button class=\"w-filter-item-title us-field-style_1\">Precio<span><\/span><\/button><a class=\"w-filter-item-reset us-field-style_1\" href=\"#\" title=\"Reset\"><span>Reset<\/span><\/a><div class=\"w-filter-item-content\"><div class=\"w-filter-item-values\"><input type=\"hidden\" name=\"precio\" min=\"1000\" max=\"5500\" value><div class=\"ui-slider\" onclick='return {&quot;slider&quot;:{&quot;min&quot;:1000,&quot;max&quot;:5500,&quot;step&quot;:500,&quot;values&quot;:[]}}'><div class=\"ui-slider-handle\" title=\"Min\"><\/div><div class=\"ui-slider-handle\" title=\"Max\"><\/div><\/div><div class=\"w-filter-item-slider-result\"><div class=\"for_min_value\">1000<\/div><div class=\"for_max_value\">5500<\/div><\/div><\/div><\/div><\/div><div class=\"w-filter-item number_2 type_range_slider\" data-name=\"habitaciones\" data-value-compare=\"between\"><button class=\"w-filter-item-title us-field-style_1\">Habitaciones<span><\/span><\/button><a class=\"w-filter-item-reset us-field-style_1\" href=\"#\" title=\"Reset\"><span>Reset<\/span><\/a><div class=\"w-filter-item-content\"><div class=\"w-filter-item-values\"><input type=\"hidden\" name=\"habitaciones\" min=\"0\" max=\"9\" value><div class=\"ui-slider\" onclick='return {&quot;slider&quot;:{&quot;min&quot;:0,&quot;max&quot;:9,&quot;step&quot;:1,&quot;values&quot;:[]}}'><div class=\"ui-slider-handle\" title=\"Min\"><\/div><div class=\"ui-slider-handle\" title=\"Max\"><\/div><\/div><div class=\"w-filter-item-slider-result\"><div class=\"for_min_value\">0<\/div><div class=\"for_max_value\">9<\/div><\/div><\/div><\/div><\/div><div class=\"w-filter-item number_3 type_range_slider\" data-name=\"metros\" data-value-compare=\"between\"><button class=\"w-filter-item-title us-field-style_1\">Yta<span><\/span><\/button><a class=\"w-filter-item-reset us-field-style_1\" href=\"#\" title=\"Reset\"><span>Reset<\/span><\/a><div class=\"w-filter-item-content\"><div class=\"w-filter-item-values\"><input type=\"hidden\" name=\"metros\" min=\"50\" max=\"500\" value><div class=\"ui-slider\" onclick='return {&quot;slider&quot;:{&quot;min&quot;:50,&quot;max&quot;:500,&quot;step&quot;:10,&quot;values&quot;:[]}}'><div class=\"ui-slider-handle\" title=\"Min\"><\/div><div class=\"ui-slider-handle\" title=\"Max\"><\/div><\/div><div class=\"w-filter-item-slider-result\"><div class=\"for_min_value\">50<\/div><div class=\"for_max_value\">500<\/div><\/div><\/div><\/div><\/div><\/div><div class=\"w-filter-list-panel\"><button class=\"w-btn w-filter-button-submit us-btn-style_1\"><span class=\"w-btn-label\">Till\u00e4mpa<\/span><\/button><\/div><style>@media( max-width:600px ){.w-filter.state_desktop .w-filter-list,.w-filter-item-title>span{display:none!important}.w-filter-opener{display:inline-block}}<\/style><button class=\"w-filter-opener icon_atleft\"><i class=\"fas fa-filter\"><\/i><span>Filtrera egenskaper<\/span><\/button><\/form><div class=\"w-separator size_small\"><\/div><div class=\"w-grid us_post_list type_grid layout_66 cols_3 overflow_hidden\" id=\"property-list\" style=\"--columns:3;--gap:1.5rem;\" data-filterable=\"true\"><style>@media (max-width:1024px){#property-list{--columns:2!important}}@media (max-width:600px){#property-list{--columns:1!important}}.layout_66 .w-grid-item-h{border-radius:0.2rem;box-shadow:0 0.04rem 0.08rem rgba(0,0,0,0.1),0 0.13rem 0.4rem rgba(0,0,0,0.1);transition-duration:0.3s}.no-touch .layout_66 .w-grid-item-h:hover{box-shadow:0 0.16rem 0.32rem rgba(0,0,0,0.1),0 0.53rem 1.6rem rgba(0,0,0,0.15);z-index:4}.layout_66 .usg_vwrapper_1{padding:1rem 1.5rem 1rem 1.5rem!important}.layout_66 .usg_hwrapper_1{color:var(--color-content-faded)!important;font-size:0.9rem!important}.layout_66 .usg_text_1{margin-left:-1rem!important}<\/style><div class=\"w-grid-list\">\t<article class=\"w-grid-item size_1x1 post-4096 propiedades type-propiedades status-publish has-post-thumbnail hentry category-kop tag-valdebebas-sv\" data-id=\"4096\">\r\n\t\t<div class=\"w-grid-item-h\">\r\n\t\t\t\t\t\t<div class=\"w-post-elm post_image usg_post_image_1 has_ratio\"><a href=\"https:\/\/lasencinasproperties.com\/sv\/propiedades\/parhus-till-salu-i-valdebebas-valdefuentes\/\" aria-label=\"Parhus till salu i Valdebebas &#8211; Valdefuentes\"><img loading=\"lazy\" decoding=\"async\" width=\"1024\" height=\"768\" src=\"https:\/\/lasencinasproperties.com\/wp-content\/uploads\/2025\/03\/Destacada-1024x768.avif\" class=\"attachment-large size-large wp-post-image\" alt=\"\" \/><\/a><div style=\"padding-bottom:56.25%\"><\/div><\/div><div class=\"w-vwrapper usg_vwrapper_1 align_left valign_top\" style=\"--vwrapper-gap:0.5rem\"><div class=\"w-hwrapper usg_hwrapper_2 align_none valign_middle\"><div class=\"w-post-elm post_custom_field usg_post_custom_field_6 formatoPrecio type_text precio color_link_inherit\"><span class=\"w-post-elm-value\">1.375.000<\/span><span class=\"w-post-elm-after\"> \u20ac<\/span><\/div><\/div><div class=\"w-post-elm post_title usg_post_title_1 entry-title\"><a href=\"https:\/\/lasencinasproperties.com\/sv\/propiedades\/parhus-till-salu-i-valdebebas-valdefuentes\/\">Parhus till salu i Valdebebas &#8211; Valdefuentes<\/a><\/div><div class=\"w-hwrapper usg_hwrapper_1 has_text_color align_left valign_top wrap\"><div class=\"w-post-elm post_custom_field usg_post_custom_field_4 type_text habitaciones color_link_inherit\"><i class=\"fas fa-bed\"><\/i><a href=\"https:\/\/lasencinasproperties.com\/sv\/propiedades\/parhus-till-salu-i-valdebebas-valdefuentes\/\"><span class=\"w-post-elm-value\">4<\/span><\/a><\/div><div class=\"w-post-elm post_custom_field usg_post_custom_field_1 type_text metros color_link_inherit\"><i class=\"fas fa-house-user\"><\/i><a href=\"https:\/\/lasencinasproperties.com\/sv\/propiedades\/parhus-till-salu-i-valdebebas-valdefuentes\/\"><span class=\"w-post-elm-value\">325<\/span><\/a><span class=\"w-post-elm-after\"> m\u00b2<\/span><\/div><div class=\"w-post-elm post_custom_field usg_post_custom_field_3 type_text niveles color_link_inherit\"><i class=\"fas fa-layer-group\"><\/i><span class=\"w-post-elm-value\">Si<\/span><\/div><\/div><\/div>\t\t<\/div>\r\n\t\t\t<\/article>\r\n<\/div><div class=\"g-loadmore hidden\"><div class=\"g-preloader type_1\"><div><\/div><\/div><\/div><div class=\"w-grid-list-json hidden\" onclick='return {&quot;max_num_pages&quot;:0,&quot;pagination&quot;:&quot;none&quot;,&quot;paged&quot;:1,&quot;ajaxData&quot;:{&quot;_nonce&quot;:&quot;ae3dc516ff&quot;,&quot;action&quot;:&quot;us_ajax_post_list&quot;,&quot;template_vars&quot;:{&quot;paged&quot;:1,&quot;max_num_pages&quot;:0,&quot;no_results&quot;:false,&quot;source&quot;:&quot;all&quot;,&quot;custom_field_name&quot;:&quot;&quot;,&quot;ids&quot;:&quot;&quot;,&quot;post_type&quot;:&quot;propiedades&quot;,&quot;post_author&quot;:&quot;any&quot;,&quot;post_author_ids&quot;:&quot;&quot;,&quot;exclude_children&quot;:0,&quot;exclude_current_post&quot;:&quot;0&quot;,&quot;exclude_prev_posts&quot;:0,&quot;apply_url_params&quot;:0,&quot;tax_query_relation&quot;:&quot;AND&quot;,&quot;tax_query&quot;:&quot;%5B%7B%22operator%22%3A%22IN%22%2C%22taxonomy%22%3A%22category%22%2C%22terms%22%3A%2221%22%2C%22include_children%22%3A0%7D%2C%7B%22operator%22%3A%22IN%22%2C%22taxonomy%22%3A%22post_tag%22%2C%22terms%22%3A%2228%22%2C%22include_children%22%3A0%7D%5D&quot;,&quot;meta_query_relation&quot;:&quot;none&quot;,&quot;meta_query&quot;:[{&quot;key&quot;:&quot;custom_field_name&quot;,&quot;compare&quot;:&quot;=&quot;,&quot;value&quot;:&quot;&quot;}],&quot;orderby&quot;:&quot;precio&quot;,&quot;orderby_custom_field&quot;:&quot;&quot;,&quot;orderby_custom_type&quot;:0,&quot;order_invert&quot;:0,&quot;show_all&quot;:&quot;1&quot;,&quot;quantity&quot;:&quot;12&quot;,&quot;no_items_action&quot;:&quot;page_block&quot;,&quot;no_items_message&quot;:&quot;Inga resultat hittades.&quot;,&quot;no_items_page_block&quot;:&quot;1673&quot;,&quot;pagination&quot;:&quot;none&quot;,&quot;pagination_style&quot;:&quot;&quot;,&quot;pagination_btn_text&quot;:&quot;Load More&quot;,&quot;pagination_btn_size&quot;:&quot;&quot;,&quot;pagination_btn_style&quot;:&quot;1&quot;,&quot;pagination_btn_fullwidth&quot;:0,&quot;items_layout&quot;:&quot;66&quot;,&quot;type&quot;:&quot;grid&quot;,&quot;items_valign&quot;:0,&quot;ignore_items_size&quot;:0,&quot;columns&quot;:&quot;3&quot;,&quot;items_gap&quot;:&quot;1.5rem&quot;,&quot;load_animation&quot;:&quot;none&quot;,&quot;img_size&quot;:&quot;default&quot;,&quot;title_size&quot;:&quot;&quot;,&quot;items_ratio&quot;:&quot;default&quot;,&quot;items_ratio_width&quot;:&quot;21&quot;,&quot;items_ratio_height&quot;:&quot;9&quot;,&quot;overriding_link&quot;:&quot;{\\&quot;url\\&quot;:\\&quot;\\&quot;}&quot;,&quot;popup_width&quot;:&quot;&quot;,&quot;popup_arrows&quot;:1,&quot;breakpoint_1_width&quot;:&quot;1381px&quot;,&quot;breakpoint_1_cols&quot;:&quot;default&quot;,&quot;breakpoint_1_gap&quot;:&quot;&quot;,&quot;breakpoint_2_width&quot;:&quot;1025px&quot;,&quot;breakpoint_2_cols&quot;:&quot;2&quot;,&quot;breakpoint_2_gap&quot;:&quot;&quot;,&quot;breakpoint_3_width&quot;:&quot;601px&quot;,&quot;breakpoint_3_cols&quot;:&quot;1&quot;,&quot;breakpoint_3_gap&quot;:&quot;&quot;,&quot;conditions_operator&quot;:&quot;always&quot;,&quot;conditions&quot;:[],&quot;css&quot;:null,&quot;el_class&quot;:&quot;&quot;,&quot;el_id&quot;:&quot;property-list&quot;,&quot;enable_custom_html_atts&quot;:0,&quot;custom_html_atts&quot;:null,&quot;hide_on_states&quot;:&quot;&quot;,&quot;hide_for_sticky&quot;:0,&quot;hide_for_not_sticky&quot;:0,&quot;hide_below&quot;:&quot;0px&quot;,&quot;hide_above&quot;:&quot;0px&quot;,&quot;classes&quot;:&quot;&quot;}}}'><\/div><\/div><div class=\"w-grid hide_on_default hide_on_laptops hide_on_tablets hide_on_mobiles type_grid layout_66 hidden cols_3 overflow_hidden\" id=\"us_grid_1\" style=\"--columns:3;--gap:0.5rem;\" data-filterable=\"true\"><style>@media (max-width:1024px){#us_grid_1{--columns:2!important}}@media (max-width:600px){#us_grid_1{--columns:1!important}}<\/style><div class=\"w-grid-list\"><\/div><div class=\"w-grid-preloader\">\t<div class=\"g-preloader type_1\">\r\n\t\t<div><\/div>\r\n\t<\/div>\r\n\t<\/div>\t<div class=\"w-grid-json hidden\" onclick='return {&quot;action&quot;:&quot;us_ajax_grid&quot;,&quot;infinite_scroll&quot;:0,&quot;max_num_pages&quot;:0,&quot;pagination&quot;:&quot;none&quot;,&quot;template_vars&quot;:{&quot;columns&quot;:&quot;3&quot;,&quot;exclude_items&quot;:&quot;none&quot;,&quot;img_size&quot;:&quot;default&quot;,&quot;ignore_items_size&quot;:0,&quot;items_layout&quot;:&quot;66&quot;,&quot;items_offset&quot;:&quot;1&quot;,&quot;load_animation&quot;:&quot;none&quot;,&quot;overriding_link&quot;:&quot;%7B%22type%22%3A%22post%22%7D&quot;,&quot;post_id&quot;:0,&quot;query_args&quot;:{&quot;post_type&quot;:[&quot;propiedades&quot;],&quot;tax_query&quot;:[{&quot;taxonomy&quot;:&quot;category&quot;,&quot;field&quot;:&quot;slug&quot;,&quot;terms&quot;:[&quot;uthyrning&quot;]}],&quot;post_status&quot;:[&quot;publish&quot;,&quot;acf-disabled&quot;],&quot;posts_per_page&quot;:999},&quot;orderby_query_args&quot;:{&quot;orderby&quot;:&quot;custom_field_num&quot;,&quot;meta_key&quot;:&quot;precio&quot;,&quot;order&quot;:&quot;ASC&quot;},&quot;type&quot;:&quot;grid&quot;,&quot;us_grid_post_type&quot;:&quot;propiedades&quot;,&quot;us_grid_ajax_index&quot;:1,&quot;us_grid_filter_query_string&quot;:null,&quot;us_grid_index&quot;:1,&quot;page_args&quot;:[],&quot;lang&quot;:&quot;sv&quot;}}'><\/div>\r\n\t<\/div><\/div><\/div><\/div><\/div><\/section><section class=\"l-section wpb_row us_custom_9511dd2d hide_on_default hide_on_laptops hide_on_tablets hide_on_mobiles height_medium\"><div class=\"l-section-h i-cf\"><div class=\"g-cols vc_row via_grid cols_1 laptops-cols_inherit tablets-cols_inherit mobiles-cols_1 valign_top type_default stacking_default\"><div class=\"wpb_column vc_column_container\"><div class=\"vc_column-inner\"><div class=\"wpb_text_column\"><div class=\"wpb_wrapper\"><p>Uppt\u00e4ck v\u00e5rt exklusiva urval av <strong>hus och l\u00e4genheter att hyra i La Moraleja och Zona Norte de Madrid<\/strong>, ett av de mest exklusiva bostadsomr\u00e5dena i Madrid. P\u00e5 <strong>Las Encinas Properties<\/strong> erbjuder vi dig en personlig service f\u00f6r att hitta det hem som b\u00e4st passar din livsstil och dina behov.<\/p>\n<\/div><\/div><div class=\"w-separator size_small\"><\/div><div class=\"g-cols wpb_row via_grid cols_2 laptops-cols_2 tablets-cols_inherit mobiles-cols_1 valign_top type_default stacking_default\" style=\"--columns-gap:2rem;\"><div class=\"wpb_column vc_column_container\"><div class=\"vc_column-inner\"><div class=\"w-iconbox iconpos_left style_default color_primary align_none\"><div class=\"w-iconbox-icon\" style=\"font-size:1.2rem;\"><i class=\"fas fa-check\"><\/i><\/div><div class=\"w-iconbox-meta\"><h6 class=\"w-iconbox-title\" style=\"font-size:1.2rem;\">Specialister i La Moraleja och norra delen av Madrid<\/h6><div class=\"w-iconbox-text\"><p>Vi har en djupg\u00e5ende kunskap om hyresmarknaden i omr\u00e5det och kan ge dig r\u00e5d med aktuell information.<\/p>\n<\/div><\/div><\/div><\/div><\/div><div class=\"wpb_column vc_column_container\"><div class=\"vc_column-inner\"><div class=\"w-iconbox iconpos_left style_default color_primary align_none\"><div class=\"w-iconbox-icon\" style=\"font-size:1.2rem;\"><i class=\"fas fa-house\"><\/i><\/div><div class=\"w-iconbox-meta\"><h6 class=\"w-iconbox-title\" style=\"font-size:1.2rem;\">Exklusiva fastigheter<\/h6><div class=\"w-iconbox-text\"><p>Vi arbetar endast med fastigheter som uppfyller de h\u00f6gsta kraven p\u00e5 kvalitet, l\u00e4ge och komfort.<\/p>\n<\/div><\/div><\/div><\/div><\/div><div class=\"wpb_column vc_column_container\"><div class=\"vc_column-inner\"><div class=\"w-iconbox iconpos_left style_default color_primary align_none\"><div class=\"w-iconbox-icon\" style=\"font-size:1.2rem;\"><i class=\"fas fa-user-plus\"><\/i><\/div><div class=\"w-iconbox-meta\"><h6 class=\"w-iconbox-title\" style=\"font-size:1.2rem;\">Omfattande r\u00e5dgivning<\/h6><div class=\"w-iconbox-text\"><p>Vi hj\u00e4lper dig att v\u00e4lja det b\u00e4sta alternativet utifr\u00e5n din budget, dina preferenser och familjens behov.<\/p>\n<\/div><\/div><\/div><\/div><\/div><div class=\"wpb_column vc_column_container\"><div class=\"vc_column-inner\"><div class=\"w-iconbox iconpos_left style_default color_primary align_none\"><div class=\"w-iconbox-icon\" style=\"font-size:1.2rem;\"><i class=\"fas fa-search-plus\"><\/i><\/div><div class=\"w-iconbox-meta\"><h6 class=\"w-iconbox-title\" style=\"font-size:1.2rem;\">Snabb och effektiv hantering<\/h6><div class=\"w-iconbox-text\"><p>Vi optimerar hela processen s\u00e5 att du kan flytta in i ditt nya hem utan komplikationer.<\/p>\n<\/div><\/div><\/div><\/div><\/div><div class=\"wpb_column vc_column_container\"><div class=\"vc_column-inner\"><div class=\"w-iconbox iconpos_left style_default color_primary align_none\"><div class=\"w-iconbox-icon\" style=\"font-size:1.2rem;\"><i class=\"fas fa-shoe-prints\"><\/i><\/div><div class=\"w-iconbox-meta\"><h6 class=\"w-iconbox-title\" style=\"font-size:1.2rem;\">Juridiskt och avtalsm\u00e4ssigt st\u00f6d<\/h6><div class=\"w-iconbox-text\"><p>Vi ser till att alla rutiner \u00e4r tydliga och s\u00e4kra.<\/p>\n<\/div><\/div><\/div><\/div><\/div><div class=\"wpb_column vc_column_container\"><div class=\"vc_column-inner\"><div class=\"w-iconbox iconpos_left style_default color_primary align_none\"><div class=\"w-iconbox-icon\" style=\"font-size:1.2rem;\"><i class=\"fas fa-link\"><\/i><\/div><div class=\"w-iconbox-meta\"><h6 class=\"w-iconbox-title\" style=\"font-size:1.2rem;\">Anslutning till viktiga tj\u00e4nster<\/h6><div class=\"w-iconbox-text\"><p>Vi ger dig r\u00e5d om val av skolor, idrottsf\u00f6reningar och andra tj\u00e4nster som \u00e4r viktiga f\u00f6r ditt dagliga liv.<\/p>\n<\/div><\/div><\/div><\/div><\/div><div class=\"wpb_column vc_column_container\"><div class=\"vc_column-inner\"><div class=\"w-iconbox iconpos_left style_default color_primary align_none\"><div class=\"w-iconbox-icon\" style=\"font-size:1.2rem;\"><i class=\"fas fa-comment-slash\"><\/i><\/div><div class=\"w-iconbox-meta\"><h6 class=\"w-iconbox-title\" style=\"font-size:1.2rem;\">Exklusivitet och diskretion<\/h6><div class=\"w-iconbox-text\"><p>Vi skyddar sekretessen i varje steg av processen.<\/p>\n<\/div><\/div><\/div><\/div><\/div><div class=\"wpb_column vc_column_container\"><div class=\"vc_column-inner\"><div class=\"w-iconbox iconpos_left style_default color_primary align_none\"><div class=\"w-iconbox-icon\" style=\"font-size:1.2rem;\"><i class=\"fas fa-analytics\"><\/i><\/div><div class=\"w-iconbox-meta\"><h6 class=\"w-iconbox-title\" style=\"font-size:1.2rem;\">Flexibla alternativ<\/h6><div class=\"w-iconbox-text\"><p>Vi har fastigheter med olika hyresvillkor: l\u00e5ngtidsuthyrning, hyra till k\u00f6p och mycket mer.<\/p>\n<\/div><\/div><\/div><\/div><\/div><\/div><\/div><\/div><\/div><\/div><\/section>\n","protected":false},"excerpt":{"rendered":"","protected":false},"author":1,"featured_media":0,"parent":4083,"menu_order":0,"comment_status":"closed","ping_status":"closed","template":"","meta":{"_acf_changed":false,"footnotes":""},"class_list":["post-3995","page","type-page","status-publish","hentry"],"acf":[],"yoast_head":"<!-- This site is optimized with the Yoast SEO plugin v26.9 - https:\/\/yoast.com\/product\/yoast-seo-wordpress\/ -->\n<title>Valdebebas | Las Encinas Properties<\/title>\n<meta name=\"robots\" content=\"index, follow, max-snippet:-1, max-image-preview:large, max-video-preview:-1\" \/>\n<link rel=\"canonical\" href=\"https:\/\/lasencinasproperties.com\/sv\/kop\/valdebebas\/\" \/>\n<meta property=\"og:locale\" content=\"sv_SE\" \/>\n<meta property=\"og:type\" content=\"article\" \/>\n<meta property=\"og:title\" content=\"Valdebebas | Las Encinas Properties\" \/>\n<meta property=\"og:url\" content=\"https:\/\/lasencinasproperties.com\/sv\/kop\/valdebebas\/\" \/>\n<meta property=\"og:site_name\" content=\"Las Encinas Properties\" \/>\n<meta property=\"article:modified_time\" content=\"2025-05-08T09:29:40+00:00\" \/>\n<meta name=\"twitter:card\" content=\"summary_large_image\" \/>\n<meta name=\"twitter:label1\" content=\"Ber\u00e4knad l\u00e4stid\" \/>\n\t<meta name=\"twitter:data1\" content=\"6 minuter\" \/>\n<script type=\"application\/ld+json\" class=\"yoast-schema-graph\">{\"@context\":\"https:\/\/schema.org\",\"@graph\":[{\"@type\":\"WebPage\",\"@id\":\"https:\/\/lasencinasproperties.com\/sv\/kop\/valdebebas\/\",\"url\":\"https:\/\/lasencinasproperties.com\/sv\/kop\/valdebebas\/\",\"name\":\"Valdebebas | Las Encinas Properties\",\"isPartOf\":{\"@id\":\"https:\/\/lasencinasproperties.com\/sv\/#website\"},\"datePublished\":\"2025-03-31T11:32:19+00:00\",\"dateModified\":\"2025-05-08T09:29:40+00:00\",\"breadcrumb\":{\"@id\":\"https:\/\/lasencinasproperties.com\/sv\/kop\/valdebebas\/#breadcrumb\"},\"inLanguage\":\"sv-SE\",\"potentialAction\":[{\"@type\":\"ReadAction\",\"target\":[\"https:\/\/lasencinasproperties.com\/sv\/kop\/valdebebas\/\"]}]},{\"@type\":\"BreadcrumbList\",\"@id\":\"https:\/\/lasencinasproperties.com\/sv\/kop\/valdebebas\/#breadcrumb\",\"itemListElement\":[{\"@type\":\"ListItem\",\"position\":1,\"name\":\"Portada\",\"item\":\"https:\/\/lasencinasproperties.com\/sv\/\"},{\"@type\":\"ListItem\",\"position\":2,\"name\":\"K\u00f6p\",\"item\":\"https:\/\/lasencinasproperties.com\/sv\/kop\/\"},{\"@type\":\"ListItem\",\"position\":3,\"name\":\"Valdebebas\"}]},{\"@type\":\"WebSite\",\"@id\":\"https:\/\/lasencinasproperties.com\/sv\/#website\",\"url\":\"https:\/\/lasencinasproperties.com\/sv\/\",\"name\":\"Las Encinas Properties\",\"description\":\"Tu Inmobiliaria en la zona Norte de Madrid\",\"publisher\":{\"@id\":\"https:\/\/lasencinasproperties.com\/sv\/#organization\"},\"potentialAction\":[{\"@type\":\"SearchAction\",\"target\":{\"@type\":\"EntryPoint\",\"urlTemplate\":\"https:\/\/lasencinasproperties.com\/sv\/?s={search_term_string}\"},\"query-input\":{\"@type\":\"PropertyValueSpecification\",\"valueRequired\":true,\"valueName\":\"search_term_string\"}}],\"inLanguage\":\"sv-SE\"},{\"@type\":\"Organization\",\"@id\":\"https:\/\/lasencinasproperties.com\/sv\/#organization\",\"name\":\"Las Encinas Properties\",\"url\":\"https:\/\/lasencinasproperties.com\/sv\/\",\"logo\":{\"@type\":\"ImageObject\",\"inLanguage\":\"sv-SE\",\"@id\":\"https:\/\/lasencinasproperties.com\/sv\/#\/schema\/logo\/image\/\",\"url\":\"https:\/\/lasencinasproperties.com\/wp-content\/uploads\/2020\/07\/2.avif\",\"contentUrl\":\"https:\/\/lasencinasproperties.com\/wp-content\/uploads\/2020\/07\/2.avif\",\"width\":240,\"height\":51,\"caption\":\"Las Encinas Properties\"},\"image\":{\"@id\":\"https:\/\/lasencinasproperties.com\/sv\/#\/schema\/logo\/image\/\"}}]}<\/script>\n<!-- \/ Yoast SEO plugin. -->","yoast_head_json":{"title":"Valdebebas | Las Encinas Properties","robots":{"index":"index","follow":"follow","max-snippet":"max-snippet:-1","max-image-preview":"max-image-preview:large","max-video-preview":"max-video-preview:-1"},"canonical":"https:\/\/lasencinasproperties.com\/sv\/kop\/valdebebas\/","og_locale":"sv_SE","og_type":"article","og_title":"Valdebebas | Las Encinas Properties","og_url":"https:\/\/lasencinasproperties.com\/sv\/kop\/valdebebas\/","og_site_name":"Las Encinas Properties","article_modified_time":"2025-05-08T09:29:40+00:00","twitter_card":"summary_large_image","twitter_misc":{"Ber\u00e4knad l\u00e4stid":"6 minuter"},"schema":{"@context":"https:\/\/schema.org","@graph":[{"@type":"WebPage","@id":"https:\/\/lasencinasproperties.com\/sv\/kop\/valdebebas\/","url":"https:\/\/lasencinasproperties.com\/sv\/kop\/valdebebas\/","name":"Valdebebas | Las Encinas Properties","isPartOf":{"@id":"https:\/\/lasencinasproperties.com\/sv\/#website"},"datePublished":"2025-03-31T11:32:19+00:00","dateModified":"2025-05-08T09:29:40+00:00","breadcrumb":{"@id":"https:\/\/lasencinasproperties.com\/sv\/kop\/valdebebas\/#breadcrumb"},"inLanguage":"sv-SE","potentialAction":[{"@type":"ReadAction","target":["https:\/\/lasencinasproperties.com\/sv\/kop\/valdebebas\/"]}]},{"@type":"BreadcrumbList","@id":"https:\/\/lasencinasproperties.com\/sv\/kop\/valdebebas\/#breadcrumb","itemListElement":[{"@type":"ListItem","position":1,"name":"Portada","item":"https:\/\/lasencinasproperties.com\/sv\/"},{"@type":"ListItem","position":2,"name":"K\u00f6p","item":"https:\/\/lasencinasproperties.com\/sv\/kop\/"},{"@type":"ListItem","position":3,"name":"Valdebebas"}]},{"@type":"WebSite","@id":"https:\/\/lasencinasproperties.com\/sv\/#website","url":"https:\/\/lasencinasproperties.com\/sv\/","name":"Las Encinas Properties","description":"Tu Inmobiliaria en la zona Norte de Madrid","publisher":{"@id":"https:\/\/lasencinasproperties.com\/sv\/#organization"},"potentialAction":[{"@type":"SearchAction","target":{"@type":"EntryPoint","urlTemplate":"https:\/\/lasencinasproperties.com\/sv\/?s={search_term_string}"},"query-input":{"@type":"PropertyValueSpecification","valueRequired":true,"valueName":"search_term_string"}}],"inLanguage":"sv-SE"},{"@type":"Organization","@id":"https:\/\/lasencinasproperties.com\/sv\/#organization","name":"Las Encinas Properties","url":"https:\/\/lasencinasproperties.com\/sv\/","logo":{"@type":"ImageObject","inLanguage":"sv-SE","@id":"https:\/\/lasencinasproperties.com\/sv\/#\/schema\/logo\/image\/","url":"https:\/\/lasencinasproperties.com\/wp-content\/uploads\/2020\/07\/2.avif","contentUrl":"https:\/\/lasencinasproperties.com\/wp-content\/uploads\/2020\/07\/2.avif","width":240,"height":51,"caption":"Las Encinas Properties"},"image":{"@id":"https:\/\/lasencinasproperties.com\/sv\/#\/schema\/logo\/image\/"}}]}},"_links":{"self":[{"href":"https:\/\/lasencinasproperties.com\/sv\/wp-json\/wp\/v2\/pages\/3995","targetHints":{"allow":["GET"]}}],"collection":[{"href":"https:\/\/lasencinasproperties.com\/sv\/wp-json\/wp\/v2\/pages"}],"about":[{"href":"https:\/\/lasencinasproperties.com\/sv\/wp-json\/wp\/v2\/types\/page"}],"author":[{"embeddable":true,"href":"https:\/\/lasencinasproperties.com\/sv\/wp-json\/wp\/v2\/users\/1"}],"replies":[{"embeddable":true,"href":"https:\/\/lasencinasproperties.com\/sv\/wp-json\/wp\/v2\/comments?post=3995"}],"version-history":[{"count":1,"href":"https:\/\/lasencinasproperties.com\/sv\/wp-json\/wp\/v2\/pages\/3995\/revisions"}],"predecessor-version":[{"id":4000,"href":"https:\/\/lasencinasproperties.com\/sv\/wp-json\/wp\/v2\/pages\/3995\/revisions\/4000"}],"up":[{"embeddable":true,"href":"https:\/\/lasencinasproperties.com\/sv\/wp-json\/wp\/v2\/pages\/4083"}],"wp:attachment":[{"href":"https:\/\/lasencinasproperties.com\/sv\/wp-json\/wp\/v2\/media?parent=3995"}],"curies":[{"name":"wp","href":"https:\/\/api.w.org\/{rel}","templated":true}]}}